{"id":6785,"date":"2024-01-15T11:03:11","date_gmt":"2024-01-15T10:03:11","guid":{"rendered":"https:\/\/katag.net\/?page_id=6785"},"modified":"2024-01-15T11:03:11","modified_gmt":"2024-01-15T10:03:11","slug":"app-datenschutz","status":"publish","type":"page","link":"https:\/\/katag.net\/en\/app-datenschutz\/","title":{"rendered":"App-Datenschutz"},"content":{"rendered":"<p>[et_pb_section fb_built=&#8220;1&#8243; theme_builder_area=&#8220;post_content&#8220; _builder_version=&#8220;4.23.4&#8243; _module_preset=&#8220;default&#8220; da_is_popup=&#8220;off&#8220; da_exit_intent=&#8220;off&#8220; da_has_close=&#8220;on&#8220; da_alt_close=&#8220;off&#8220; da_dark_close=&#8220;off&#8220; da_not_modal=&#8220;on&#8220; da_is_singular=&#8220;off&#8220; da_with_loader=&#8220;off&#8220; da_has_shadow=&#8220;on&#8220; da_disable_devices=&#8220;off|off|off&#8220;][et_pb_row _builder_version=&#8220;4.23.4&#8243; _module_preset=&#8220;default&#8220; theme_builder_area=&#8220;post_content&#8220;][et_pb_column _builder_version=&#8220;4.23.4&#8243; _module_preset=&#8220;default&#8220; type=&#8220;4_4&#8243; theme_builder_area=&#8220;post_content&#8220;][et_pb_text _builder_version=&#8220;4.23.4&#8243; _module_preset=&#8220;default&#8220; theme_builder_area=&#8220;post_content&#8220; hover_enabled=&#8220;0&#8243; sticky_enabled=&#8220;0&#8243;]<\/p>\n<h1>KATAG App<\/h1>\n<h5 class=\"padding-32\"><\/h5>\n<h5 class=\"padding-32\"><\/h5>\n<h2 class=\"padding-32\">Datenschutzbestimmungen<\/h2>\n<p class=\"text-grey\">\n<p class=\"text-grey\">\n<p class=\"text-grey\">\n<p class=\"text-grey\">\n<p>Verantwortliche Stelle im Sinne der Datenschutzgesetze ist die KATAG AG, Stralsunderstr. 5, 33605 Bielefeld<\/p>\n<h4>1. Datenerhebung, -verarbeitung und -nutzung<\/h4>\n<p>Wir erheben, verarbeiten und nutzen personenbezogene Daten, um Ihnen die App, den darin enthaltenen Inhalt und die verschiedenen Funktionalit\u00e4ten zur Verf\u00fcgung stellen zu k\u00f6nnen. Zu weiteren Zwecken erheben, verarbeiten und nutzen wir personenbezogene Daten nur, soweit Sie ausdr\u00fccklich Ihre Einwilligung hierzu erkl\u00e4rt haben, indem Sie die Ortungsfreigabe aktiviert haben. Die von Ihnen erkl\u00e4rte Einwilligung k\u00f6nnen Sie jederzeit mit Wirkung f\u00fcr die Zukunft widerrufen, indem Sie in den Einstellungen Ihres Betriebssystems die Zustimmung der Ortungsfreigabe wieder deaktivieren. Diese App kann auch genutzt werden, ohne dass personenbezogene Daten erhoben werden. Allerdings wird eine Einschr\u00e4nkung der Zugriffserlaubnisse der App auf die Ortungsfunktion zu Funktionseinschr\u00e4nkungen f\u00fchren.<\/p>\n<h4>2. Erfassung von Standortdaten<\/h4>\n<p>Die App kann \u00fcber GPS\/Wi-Fi Ihren Standort ermitteln, wenn Sie bei der Installation der App dieser Freigabe in den Einstellungen Ihres Betriebssystems zugestimmt haben. Sie k\u00f6nnen die Freigabe danach jederzeit im Betriebssystem oder Browser Ihres Endger\u00e4tes deaktivieren und wieder aktivieren. Von der App angefragte Systemberechtigungen, wie etwa die Zugriffserlaubnis f\u00fcr die Standortermittlung, dienen ausschlie\u00dflich dem ordnungsgem\u00e4\u00dfen Betrieb der App und ihrer Funktionen. Nachtr\u00e4glich entzogene oder nicht erteilte Systemberechtigungen f\u00fchren u.U. zu einem fehlerhaften Verhalten der App oder dazu, dass einzelne Funktionen nicht zur Verf\u00fcgung stehen.<\/p>\n<h4>3. Push Nachrichten<\/h4>\n<p>Die App informiert Sie mit Push Nachrichten auf Ihrem Endger\u00e4t \u00fcber St\u00f6rungsmeldungen, Warnungen, und interessante Neuigkeiten, sofern Sie diese Funktion bei der Installation aktiviert haben. Die Push Nachrichten k\u00f6nnen jederzeit in den Einstellungen Ihres Betriebssystems deaktiviert und wieder aktiviert werden.<\/p>\n<h4>4. Erfassung nicht-personenbezogener Daten<\/h4>\n<p>Wenn Sie auf unsere App zugreifen, werden automatisch Informationen allgemeiner Natur erfasst. Diese Informationen beinhalten etwa die Art des Webbrowsers, das verwendete Betriebssystem, den Domainnamen Ihres Internet Service Providers und \u00e4hnliches. Hierbei handelt es sich ausschlie\u00dflich um Informationen, welche keine R\u00fcckschl\u00fcsse auf Ihre Person zulassen. Informationen dieser Art werden ausschlie\u00dflich anonymisiert erhoben und von uns statistisch ausgewertet.<\/p>\n<h4>5. Welche Daten werden bei einer Registrierung erfasst?<\/h4>\n<p>Bei der Registrierung f\u00fcr die Nutzung der personalisierten Leistungen der KATAG App werden personenbezogene Daten erfasst, wie bspw. Name, Kontakt- und Kommunikationsdaten wie Telefonnummer und E-Mail-Adresse.<\/p>\n<h4>6. \u00dcbermittlung personenbezogener Daten an Dritte\/Datenumgang durch Dritte<\/h4>\n<p>Die KATAG wird zu keinem Zeitpunkt, ohne Ihr ausdr\u00fcckliches Einverst\u00e4ndnis, Ihre pers\u00f6nlichen Daten an Dritte weitergeben, es sei denn die KATAG ist dazu aufgrund gesetzlicher Vorschriften verpflichtet. Allerdings k\u00f6nnen wir von Diensten Dritter Gebrauch machen, um Ihnen die App und ihre Funktionen zur Verf\u00fcgung zu stellen. Sofern diese T\u00e4tigkeiten eine Offenlegung Ihrer personenbezogenen Daten notwendig macht, werden wir sicherstellen, dass die gesetzlichen Anforderungen eingehalten werden, einschlie\u00dflich einer entsprechenden Vereinbarung \u00fcber die Durchf\u00fchrung einer Auftragsverarbeitung \u2013 sofern notwendig.<\/p>\n<h4>7. Datensicherheit<\/h4>\n<p>Wir sind um die Sicherheit Ihrer Daten im Rahmen der geltenden Datenschutzgesetze und technischen M\u00f6glichkeiten maximal bem\u00fcht. Ihre pers\u00f6nlichen Daten werden bei uns verschl\u00fcsselt \u00fcbertragen. Dies gilt f\u00fcr Ihre Bestellungen und auch f\u00fcr das Kundenlogin. Wir nutzen das Codierungssystem SSL (Secure Socket Layer), weisen jedoch darauf hin, dass die Daten\u00fcbertragung im Internet (z.B. bei der Kommunikation per E-Mail) Sicherheitsl\u00fccken aufweisen kann. Ein l\u00fcckenloser Schutz der Daten vor dem Zugriff durch Dritte ist nicht m\u00f6glich. Zur Sicherung Ihrer Daten unterhalten wir technische und organisatorische Sicherungsma\u00dfnahmen entsprechend Art. 32 DSGVO, die wir immer wieder dem Stand der Technik anpassen. Wir gew\u00e4hrleisten au\u00dferdem nicht, dass unser Angebot zu bestimmten Zeiten zur Verf\u00fcgung steht; St\u00f6rungen, Unterbrechungen oder Ausf\u00e4lle k\u00f6nnen nicht ausgeschlossen werden. Die von uns verwendeten Server werden regelm\u00e4\u00dfig sorgf\u00e4ltig gesichert.<\/p>\n<h4>8. Ihre Rechte auf Auskunft, Berichtigung, Sperrung, L\u00f6schung und Widerspruch<\/h4>\n<p>Nach den anwendbaren Gesetzen haben Sie verschiedene Rechte bez\u00fcglich Ihrer personenbezogenen Daten. M\u00f6chten Sie diese Rechte geltend machen, so richten Sie Ihre Anfrage bitte per E-Mail oder per Post unter eindeutiger Identifizierung Ihrer Person an die in Ziffer 1 genannte Adresse.<br \/>Nachfolgend finden Sie eine \u00dcbersicht \u00fcber Ihre Rechte.<\/p>\n<h5>RECHT AUF BEST\u00c4TIGUNG UND AUSKUNFT<\/h5>\n<p>Sie haben das Recht auf eine \u00fcbersichtliche Auskunft \u00fcber die Verarbeitung Ihrer personenbezogenen Daten. Im Einzelnen:<br \/>Sie haben jederzeit das Recht, von uns eine Best\u00e4tigung dar\u00fcber zu erhalten, ob Sie betreffende personenbezogene Daten verarbeitet werden. Ist dies der Fall, so haben Sie das Recht, von uns eine unentgeltliche Auskunft \u00fcber die zu Ihnen gespeicherten personenbezogenen Daten nebst einer Kopie dieser Daten zu verlangen. Des Weiteren besteht ein Recht auf folgende Informationen:<br \/>1. die Verarbeitungszwecke; 2. die Kategorien personenbezogener Daten, die verarbeitet werden;<br \/>3. die Empf\u00e4nger oder Kategorien von Empf\u00e4ngern, gegen\u00fcber denen die personenbezogenen Daten offengelegt worden sind oder noch offengelegt werden, insbesondere bei Empf\u00e4ngern in Drittl\u00e4ndern oder bei internationalen Organisationen;<br \/>4. falls m\u00f6glich, die geplante Dauer, f\u00fcr die die personenbezogenen Daten gespeichert werden, oder, falls dies nicht m\u00f6glich ist, die Kriterien f\u00fcr die Festlegung dieser Dauer;<br \/>5. das Bestehen eines Rechts auf Berichtigung oder L\u00f6schung der Sie betreffenden personenbezogenen Daten oder auf Einschr\u00e4nkung der Verarbeitung durch den Verantwortlichen oder eines Widerspruchsrechts gegen diese Verarbeitung;<br \/>6. das Bestehen eines Beschwerderechts bei einer Aufsichtsbeh\u00f6rde;<br \/>7. wenn die personenbezogenen Daten nicht bei Ihnen erhoben werden, alle verf\u00fcgbaren Informationen \u00fcber die Herkunft der Daten;<br \/>8. das Bestehen einer automatisierten Entscheidungsfindung einschlie\u00dflich Profiling gem\u00e4\u00df Art. 22 Abs. 1 und 4 DSGVO und \u2013 zumindest in diesen F\u00e4llen \u2013 aussagekr\u00e4ftige Informationen \u00fcber die involvierte Logik sowie die Tragweite und die angestrebten Auswirkungen einer derartigen Verarbeitung f\u00fcr Sie.<br \/>Werden personenbezogene Daten an ein Drittland oder an eine internationale Organisation \u00fcbermittelt, so haben Sie das Recht, \u00fcber die geeigneten Garantien gem\u00e4\u00df Art. 46 DSGVO im Zusammenhang mit der \u00dcbermittlung unterrichtet zu werden.<\/p>\n<h5>RECHT AUF BERICHTIGUNG<\/h5>\n<p>Sie haben das Recht, von uns die Berichtigung und ggf. auch Vervollst\u00e4ndigung Sie betreffender personenbezogener Daten zu verlangen. Im Einzelnen:<br \/>Sie haben das Recht, von uns unverz\u00fcglich die Berichtigung Sie betreffender unrichtiger personenbezogener Daten zu verlangen. Unter Ber\u00fccksichtigung der Zwecke der Verarbeitung haben Sie das Recht, die Vervollst\u00e4ndigung unvollst\u00e4ndiger personenbezogener Daten \u2013 auch mittels einer erg\u00e4nzenden Erkl\u00e4rung \u2013 zu verlangen.<\/p>\n<h5>RECHT AUF L\u00d6SCHUNG (&#8222;RECHT AUF VERGESSENWERDEN&#8220;)<\/h5>\n<p>In einer Reihe von F\u00e4llen sind wir verpflichtet, Sie betreffende personenbezogene Daten zu l\u00f6schen. Im Einzelnen:<br \/>Sie haben gem\u00e4\u00df Art. 17 Abs. 1 DSGVO das Recht, von uns zu verlangen, dass Sie betreffende personenbezogene Daten unverz\u00fcglich gel\u00f6scht werden, und wir sind verpflichtet, personenbezogene Daten unverz\u00fcglich zu l\u00f6schen, sofern einer der folgenden Gr\u00fcnde zutrifft:<br \/>1. Die personenbezogenen Daten sind f\u00fcr die Zwecke, f\u00fcr die sie erhoben oder auf sonstige Weise verarbeitet wurden, nicht mehr notwendig.<br \/>2. Sie widerrufen Ihre Einwilligung, auf die sich die Verarbeitung gem\u00e4\u00df Art. 6 Abs. 1 S. 1 a) DSGVO oder Art. 9 Abs. 2 a) DSGVO st\u00fctzte, und es fehlt an einer anderweitigen Rechtsgrundlage f\u00fcr die Verarbeitung.<br \/>3. Sie legen gem\u00e4\u00df Art. 21 Abs. 1 DSGVO Widerspruch gegen die Verarbeitung ein und es liegen keine vorrangigen berechtigten Gr\u00fcnde f\u00fcr die Verarbeitung vor, oder Sie legen gem\u00e4\u00df Art. 21 Abs. 2 DSGVO Widerspruch gegen die Verarbeitung ein.<br \/>4. Die personenbezogenen Daten wurden unrechtm\u00e4\u00dfig verarbeitet.<br \/>5. Die L\u00f6schung der personenbezogenen Daten ist zur Erf\u00fcllung einer rechtlichen Verpflichtung nach dem Unionsrecht oder dem Recht der Mitgliedstaaten erforderlich, dem wir unterliegen.<br \/>6. Die personenbezogenen Daten wurden in Bezug auf angebotene Dienste der Informationsgesellschaft gem\u00e4\u00df Art. 8 Abs. 1 DSGVO erhoben.<br \/>Haben wir die personenbezogenen Daten \u00f6ffentlich gemacht und sind wir gem\u00e4\u00df Art. 17 Abs. 1 DSGVO zu deren L\u00f6schung verpflichtet, so treffen wir unter Ber\u00fccksichtigung der verf\u00fcgbaren Technologie und der Implementierungskosten angemessene Ma\u00dfnahmen, auch technischer Art, um f\u00fcr die Datenverarbeitung Verantwortliche, die die personenbezogenen Daten verarbeiten, dar\u00fcber zu informieren, dass Sie von ihnen die L\u00f6schung aller Links zu diesen personenbezogenen Daten oder von Kopien oder Replikationen dieser personenbezogenen Daten verlangt haben.<\/p>\n<h5>RECHT AUF EINSCHR\u00c4NKUNG DER VERARBEITUNG<\/h5>\n<p>In einer Reihe von F\u00e4llen sind Sie berechtigt, von uns eine Einschr\u00e4nkung der Verarbeitung Ihrer personenbezogenen Daten zu verlangen.<br \/>Im Einzelnen:<br \/>Sie haben das Recht, von uns die Einschr\u00e4nkung der Verarbeitung zu verlangen, wenn eine der folgenden Voraussetzungen gegeben ist:<br \/>1. die Richtigkeit der personenbezogenen Daten wird von Ihnen bestritten, und zwar f\u00fcr eine Dauer, die es uns erm\u00f6glicht, die Richtigkeit der personenbezogenen Daten zu \u00fcberpr\u00fcfen,<br \/>2. die Verarbeitung unrechtm\u00e4\u00dfig ist und Sie die L\u00f6schung der personenbezogenen Daten ablehnten und stattdessen die Einschr\u00e4nkung der Nutzung der personenbezogenen Daten verlangt haben;<br \/>3. wir die personenbezogenen Daten f\u00fcr die Zwecke der Verarbeitung nicht l\u00e4nger ben\u00f6tigen, Sie die Daten jedoch zur Geltendmachung, Aus\u00fcbung oder Verteidigung von Rechtsanspr\u00fcchen ben\u00f6tigen, oder<br \/>4. Sie Widerspruch gegen die Verarbeitung gem\u00e4\u00df Art. 21 Abs. 1 DSGVO eingelegt haben, solange noch nicht feststeht, ob die berechtigten Gr\u00fcnde unseres Unternehmens gegen\u00fcber den Ihren \u00fcberwiegen.<\/p>\n<h5>RECHT AUF DATEN\u00dcBERTRAGBARKEIT<\/h5>\n<p>Sie haben das Recht, Sie betreffende personenbezogene Daten maschinenlesbar zu erhalten, zu \u00fcbermitteln, oder von uns \u00fcbermitteln zu lasen.<br \/>Im Einzelnen:<br \/>Sie haben das Recht, die Sie betreffenden personenbezogenen Daten, die Sie uns bereitgestellt haben, in einem strukturierten, g\u00e4ngigen und maschinenlesbaren Format zu erhalten, und Sie haben das Recht, diese Daten einem anderen Verantwortlichen ohne Behinderung durch uns zu \u00fcbermitteln, sofern<br \/>1. die Verarbeitung auf einer Einwilligung gem\u00e4\u00df Art. 6 Abs. 1 S. 1 a) DSGVO oder Art. 9 Abs. 2 a) DSGVO oder auf einem Vertrag gem\u00e4\u00df Art. 6 Abs. 1 S. 1 b) DSGVO beruht und<br \/>2. die Verarbeitung mithilfe automatisierter Verfahren erfolgt.<br \/>Bei der Aus\u00fcbung Ihres Rechts auf Daten\u00fcbertragbarkeit gem\u00e4\u00df Absatz 1 haben Sie das Recht, zu erwirken, dass die personenbezogenen Daten direkt von uns einem anderen Verantwortlichen \u00fcbermittelt werden, soweit dies technisch machbar ist.<\/p>\n<h5>WIDERSPRUCHSRECHT<\/h5>\n<p>Sie haben das Recht, aus einer rechtm\u00e4\u00dfigen Verarbeitung Ihrer personenbezogenen Daten durch uns zu widersprechen, wenn sich dies aus Ihrer besonderen Situation begr\u00fcndet und unsere Interessen an der Verarbeitung nicht \u00fcberwiegen. Im Einzelnen:<br \/>Sie haben das Recht, aus Gr\u00fcnden, die sich aus Ihrer besonderen Situation ergeben, jederzeit gegen die Verarbeitung Sie betreffender personenbezogener Daten, die aufgrund von Art. 6 Abs. 1 S. 1 e) oder f) DSGVO erfolgt, Widerspruch einzulegen; dies gilt auch f\u00fcr ein auf diese Bestimmungen gest\u00fctztes Profiling. Wir verarbeiten die personenbezogenen Daten nicht mehr, es sei denn, wir k\u00f6nnen zwingende schutzw\u00fcrdige Gr\u00fcnde f\u00fcr die Verarbeitung nachweisen, die Ihre Interessen, Rechte und Freiheiten \u00fcberwiegen, oder die Verarbeitung dient der Geltendmachung, Aus\u00fcbung oder Verteidigung von Rechtsanspr\u00fcchen. Werden personenbezogene Daten von uns verarbeitet, um Direktwerbung zu betreiben, so haben Sie das Recht, jederzeit Widerspruch gegen die Verarbeitung Sie betreffender personenbezogener Daten zum Zwecke derartiger Werbung einzulegen; dies gilt auch f\u00fcr das Profiling, soweit es mit solcher Direktwerbung in Verbindung steht.<br \/>Sie haben das Recht, aus Gr\u00fcnden, die sich aus Ihrer besonderen Situation ergeben, gegen die Sie betreffende Verarbeitung Sie betreffender personenbezogener Daten, die zu wissenschaftlichen oder historischen Forschungszwecken oder zu statistischen Zwecken gem\u00e4\u00df Art. 89 Abs. 1 DSGVO erfolgt, Widerspruch einzulegen, es sei denn, die Verarbeitung ist zur Erf\u00fcllung einer im \u00f6ffentlichen Interesse liegenden Aufgabe erforderlich.<\/p>\n<h5>AUTOMATISIERTE ENTSCHEIDUNGEN EINSCHLIESSLICH PROFILING<\/h5>\n<p>Sie haben das Recht, nicht einer ausschlie\u00dflich auf einer automatisierten Verarbeitung \u2013 einschlie\u00dflich Profiling \u2013 beruhenden Entscheidung unterworfen zu werden, die Ihnen gegen\u00fcber rechtliche Wirkung entfaltet oder Sie in \u00e4hnlicher Weise erheblich beeintr\u00e4chtigt. Eine automatisierte Entscheidungsfindung auf der Grundlage der erhobenen personenbezogenen Daten findet nicht statt.<\/p>\n<h5>RECHT AUF WIDERRUF EINER DATENSCHUTZRECHTLICHEN EINWILLIGUNG<\/h5>\n<p>Sie haben das Recht, eine Einwilligung zur Verarbeitung personenbezogener Daten jederzeit zu widerrufen.<\/p>\n<h5>RECHT AUF BESCHWERDE BEI EINER AUFSICHTSBEH\u00d6RDE<\/h5>\n<p>Im Falle datenschutzrechtlicher Verst\u00f6\u00dfe steht dem Betroffenen ein Beschwerderecht bei der zust\u00e4ndigen Aufsichtsbeh\u00f6rde zu. Zust\u00e4ndige Aufsichtsbeh\u00f6rde in datenschutzrechtlichen Fragen ist der Landesdatenschutzbeauftragte des Bundeslandes, in dem unser Unternehmen seinen Sitz hat. Eine Liste der Datenschutzbeauftragten sowie deren Kontaktdaten k\u00f6nnen folgendem Link entnommen werden: <a href=\"https:\/\/www.bfdi.bund.de\/DE\/Infothek\/Anschriften_Links\/anschriften_links-node.html\" class=\"ms-outlook-linkify\">https:\/\/www.bfdi.bund.de\/DE\/Infothek\/Anschriften_Links\/anschriften_links-node.html<\/a>.<\/p>\n<h4>9. \u00c4nderung unserer Datenschutzerkl\u00e4rung<\/h4>\n<p>Wir behalten uns vor, diese Datenschutzerkl\u00e4rung gelegentlich anzupassen, damit Sie stets den aktuellen rechtlichen Anforderungen entspricht, oder um \u00c4nderungen unserer Leistungen in der Datenschutzerkl\u00e4rung umzusetzen, z. B. bei der Einf\u00fchrung neuer Funktionen in der App. F\u00fcr Ihre weitere Verwendung der App gilt dann die neue Datenschutzerkl\u00e4rung. Dabei werden wir Ihnen den Inhalt und den Grund der \u00c4nderung erl\u00e4utern. Ihre Rechte auf Auskunft, Berichtigung, Sperrung, L\u00f6schung und Widerspruch bleiben von einer \u00c4nderung unber\u00fchrt.<\/p>\n<h4>10. Datenschutzbestimmungen unserer Partner<\/h4>\n<p>Eine Vielzahl von Inhalten, Informationen und Diensten in der KATAG App werden durch Partner von der WW Consulting GmbH oder durch Dritte bereitgestellt.<\/p>\n<h4>11. Ansprechpartner f\u00fcr den Datenschutz<\/h4>\n<p>Wenn Sie Fragen zum Datenschutz der KATAG App haben, schreiben Sie uns bitte eine E-Mail oder wenden Sie sich direkt an unseren Datenschutzbeauftragten:<\/p>\n<p>Data protection officer required by law<\/p>\n<p>Wir haben f\u00fcr unser Unternehmen einen Datenschutzbeauftragten bestellt.<\/p>\n<p>Biehn &amp; Professionals GmbH<br \/>IT Security and Risk Management<br \/>Wiesenstra\u00dfe 32<br \/>33397 Rietberg-Mastholte<\/p>\n<p>Telefon: Tel.: 02944-979710<br \/>E-Mail: <a href=\"mailto:datenschutz@katag.net\" class=\"ms-outlook-linkify\">datenschutz@katag.net<\/a><\/p>\n<p>[\/et_pb_text][\/et_pb_column][\/et_pb_row][\/et_pb_section]<\/p>","protected":false},"excerpt":{"rendered":"<p>KATAG App Datenschutzbestimmungen Verantwortliche Stelle im Sinne der Datenschutzgesetze ist die KATAG AG, Stralsunderstr. 5, 33605 Bielefeld 1. Datenerhebung, -verarbeitung und -nutzung Wir erheben, verarbeiten und nutzen personenbezogene Daten, um Ihnen die App, den darin enthaltenen Inhalt und die verschiedenen Funktionalit\u00e4ten zur Verf\u00fcgung stellen zu k\u00f6nnen. Zu weiteren Zwecken erheben, verarbeiten und nutzen wir personenbezogene [&hellip;]<\/p>","protected":false},"author":19,"featured_media":0,"parent":0,"menu_order":0,"comment_status":"closed","ping_status":"closed","template":"","meta":{"_et_pb_use_builder":"on","_et_pb_old_content":"","_et_gb_content_width":"","footnotes":""},"class_list":["post-6785","page","type-page","status-publish","hentry"],"yoast_head":"<!-- This site is optimized with the Yoast SEO plugin v27.0 - https:\/\/yoast.com\/product\/yoast-seo-wordpress\/ -->\n<title>App-Datenschutz - KATAG AG<\/title>\n<meta name=\"robots\" content=\"index, follow, max-snippet:-1, max-image-preview:large, max-video-preview:-1\" \/>\n<link rel=\"canonical\" href=\"https:\/\/katag.net\/en\/app-datenschutz\/\" \/>\n<meta property=\"og:locale\" content=\"en_US\" \/>\n<meta property=\"og:type\" content=\"article\" \/>\n<meta property=\"og:title\" content=\"App-Datenschutz - KATAG AG\" \/>\n<meta property=\"og:description\" content=\"KATAG App Datenschutzbestimmungen Verantwortliche Stelle im Sinne der Datenschutzgesetze ist die KATAG AG, Stralsunderstr. 5, 33605 Bielefeld 1. Datenerhebung, -verarbeitung und -nutzung Wir erheben, verarbeiten und nutzen personenbezogene Daten, um Ihnen die App, den darin enthaltenen Inhalt und die verschiedenen Funktionalit\u00e4ten zur Verf\u00fcgung stellen zu k\u00f6nnen. Zu weiteren Zwecken erheben, verarbeiten und nutzen wir personenbezogene [&hellip;]\" \/>\n<meta property=\"og:url\" content=\"https:\/\/katag.net\/en\/app-datenschutz\/\" \/>\n<meta property=\"og:site_name\" content=\"KATAG AG\" \/>\n<meta name=\"twitter:card\" content=\"summary_large_image\" \/>\n<script type=\"application\/ld+json\" class=\"yoast-schema-graph\">{\"@context\":\"https:\/\/schema.org\",\"@graph\":[{\"@type\":\"WebPage\",\"@id\":\"https:\/\/katag.net\/app-datenschutz\/\",\"url\":\"https:\/\/katag.net\/app-datenschutz\/\",\"name\":\"App-Datenschutz - KATAG AG\",\"isPartOf\":{\"@id\":\"https:\/\/katag.net\/#website\"},\"datePublished\":\"2024-01-15T10:03:11+00:00\",\"breadcrumb\":{\"@id\":\"https:\/\/katag.net\/app-datenschutz\/#breadcrumb\"},\"inLanguage\":\"en-US\",\"potentialAction\":[{\"@type\":\"ReadAction\",\"target\":[\"https:\/\/katag.net\/app-datenschutz\/\"]}]},{\"@type\":\"BreadcrumbList\",\"@id\":\"https:\/\/katag.net\/app-datenschutz\/#breadcrumb\",\"itemListElement\":[{\"@type\":\"ListItem\",\"position\":1,\"name\":\"Startseite\",\"item\":\"https:\/\/katag.net\/\"},{\"@type\":\"ListItem\",\"position\":2,\"name\":\"App-Datenschutz\"}]},{\"@type\":\"WebSite\",\"@id\":\"https:\/\/katag.net\/#website\",\"url\":\"https:\/\/katag.net\/\",\"name\":\"KATAG AG\",\"description\":\"\",\"potentialAction\":[{\"@type\":\"SearchAction\",\"target\":{\"@type\":\"EntryPoint\",\"urlTemplate\":\"https:\/\/katag.net\/?s={search_term_string}\"},\"query-input\":{\"@type\":\"PropertyValueSpecification\",\"valueRequired\":true,\"valueName\":\"search_term_string\"}}],\"inLanguage\":\"en-US\"}]}<\/script>\n<!-- \/ Yoast SEO plugin. -->","yoast_head_json":{"title":"App-Datenschutz - KATAG AG","robots":{"index":"index","follow":"follow","max-snippet":"max-snippet:-1","max-image-preview":"max-image-preview:large","max-video-preview":"max-video-preview:-1"},"canonical":"https:\/\/katag.net\/en\/app-datenschutz\/","og_locale":"en_US","og_type":"article","og_title":"App-Datenschutz - KATAG AG","og_description":"KATAG App Datenschutzbestimmungen Verantwortliche Stelle im Sinne der Datenschutzgesetze ist die KATAG AG, Stralsunderstr. 5, 33605 Bielefeld 1. Datenerhebung, -verarbeitung und -nutzung Wir erheben, verarbeiten und nutzen personenbezogene Daten, um Ihnen die App, den darin enthaltenen Inhalt und die verschiedenen Funktionalit\u00e4ten zur Verf\u00fcgung stellen zu k\u00f6nnen. Zu weiteren Zwecken erheben, verarbeiten und nutzen wir personenbezogene [&hellip;]","og_url":"https:\/\/katag.net\/en\/app-datenschutz\/","og_site_name":"KATAG AG","twitter_card":"summary_large_image","schema":{"@context":"https:\/\/schema.org","@graph":[{"@type":"WebPage","@id":"https:\/\/katag.net\/app-datenschutz\/","url":"https:\/\/katag.net\/app-datenschutz\/","name":"App-Datenschutz - KATAG AG","isPartOf":{"@id":"https:\/\/katag.net\/#website"},"datePublished":"2024-01-15T10:03:11+00:00","breadcrumb":{"@id":"https:\/\/katag.net\/app-datenschutz\/#breadcrumb"},"inLanguage":"en-US","potentialAction":[{"@type":"ReadAction","target":["https:\/\/katag.net\/app-datenschutz\/"]}]},{"@type":"BreadcrumbList","@id":"https:\/\/katag.net\/app-datenschutz\/#breadcrumb","itemListElement":[{"@type":"ListItem","position":1,"name":"Startseite","item":"https:\/\/katag.net\/"},{"@type":"ListItem","position":2,"name":"App-Datenschutz"}]},{"@type":"WebSite","@id":"https:\/\/katag.net\/#website","url":"https:\/\/katag.net\/","name":"KATAG AG","description":"","potentialAction":[{"@type":"SearchAction","target":{"@type":"EntryPoint","urlTemplate":"https:\/\/katag.net\/?s={search_term_string}"},"query-input":{"@type":"PropertyValueSpecification","valueRequired":true,"valueName":"search_term_string"}}],"inLanguage":"en-US"}]}},"_links":{"self":[{"href":"https:\/\/katag.net\/en\/wp-json\/wp\/v2\/pages\/6785","targetHints":{"allow":["GET"]}}],"collection":[{"href":"https:\/\/katag.net\/en\/wp-json\/wp\/v2\/pages"}],"about":[{"href":"https:\/\/katag.net\/en\/wp-json\/wp\/v2\/types\/page"}],"author":[{"embeddable":true,"href":"https:\/\/katag.net\/en\/wp-json\/wp\/v2\/users\/19"}],"replies":[{"embeddable":true,"href":"https:\/\/katag.net\/en\/wp-json\/wp\/v2\/comments?post=6785"}],"version-history":[{"count":2,"href":"https:\/\/katag.net\/en\/wp-json\/wp\/v2\/pages\/6785\/revisions"}],"predecessor-version":[{"id":6788,"href":"https:\/\/katag.net\/en\/wp-json\/wp\/v2\/pages\/6785\/revisions\/6788"}],"wp:attachment":[{"href":"https:\/\/katag.net\/en\/wp-json\/wp\/v2\/media?parent=6785"}],"curies":[{"name":"wp","href":"https:\/\/api.w.org\/{rel}","templated":true}]}}