{"id":6782,"date":"2024-01-15T10:51:02","date_gmt":"2024-01-15T09:51:02","guid":{"rendered":"https:\/\/katag.net\/?page_id=6782"},"modified":"2024-01-15T10:55:21","modified_gmt":"2024-01-15T09:55:21","slug":"agbs-katag-app","status":"publish","type":"page","link":"https:\/\/katag.net\/en\/agbs-katag-app\/","title":{"rendered":"KATAG App-AGBS"},"content":{"rendered":"<p>[et_pb_section fb_built=&#8220;1&#8243; theme_builder_area=&#8220;post_content&#8220; _builder_version=&#8220;4.23.4&#8243; _module_preset=&#8220;default&#8220; da_is_popup=&#8220;off&#8220; da_exit_intent=&#8220;off&#8220; da_has_close=&#8220;on&#8220; da_alt_close=&#8220;off&#8220; da_dark_close=&#8220;off&#8220; da_not_modal=&#8220;on&#8220; da_is_singular=&#8220;off&#8220; da_with_loader=&#8220;off&#8220; da_has_shadow=&#8220;on&#8220; da_disable_devices=&#8220;off|off|off&#8220;][et_pb_row _builder_version=&#8220;4.23.4&#8243; _module_preset=&#8220;default&#8220; theme_builder_area=&#8220;post_content&#8220;][et_pb_column _builder_version=&#8220;4.23.4&#8243; _module_preset=&#8220;default&#8220; type=&#8220;4_4&#8243; theme_builder_area=&#8220;post_content&#8220;][et_pb_text _builder_version=&#8220;4.23.4&#8243; _module_preset=&#8220;default&#8220; theme_builder_area=&#8220;post_content&#8220; hover_enabled=&#8220;0&#8243; sticky_enabled=&#8220;0&#8243;]<\/p>\n<h1><strong>KATAG App \u2013 AGBs<\/strong><\/h1>\n<h2><strong><\/strong><\/h2>\n<h2><strong><\/strong><\/h2>\n<h2><strong>PR\u00c4AMBEL<\/strong><\/h2>\n<p>Durch die Verwendung der KATAG App erkl\u00e4ren Sie sich mit diesen AGB einverstanden. Sollten Sie hierzu Fragen haben, kontaktieren Sie uns bitte per E-Mail an: info@katag.net<br \/>Die KATAG Smartphone-App-Nutzer werden nachfolgend als Nutzer bezeichnet. Die Smartphone-App (nachfolgend: \u201eKATAG App\u201c) ist an alle Personen gerichtet.<br \/>Hinweis: Das Herunterladen sowie die Nutzung der Smartphone-App \u201eKATAG App\u201c ist f\u00fcr den Nutzer kostenfrei.<\/p>\n<h3><strong>1. LEISTUNGEN DER KATAG APP<\/strong><\/h3>\n<p>(1) Die KATAG App ist eine Smartphone-App, \u00fcber die Nutzer sich \u00fcber Dienstleistungen der KATAG informieren k\u00f6nnen. Hierzu werden verschiedene Rubriken angeboten.<br \/>(2) Die Nutzer m\u00fcssen sich in der KATAG App registrieren (bspw. Angabe von E-Mail-Adresse und Name), um an personenbezogenen Aktionen teilzunehmen.<\/p>\n<h3><strong>2. \u00c4NDERUNG UND BEENDIGUNG DER LEISTUNG<\/strong><\/h3>\n<p>(1) Die KATAG AG beh\u00e4lt sich das Recht vor, die Smartphone-App jederzeit in einer dem Konsumenten und Kunden zumutbaren Art und Weise zu \u00e4ndern, z.B. um diese weiter zu entwickeln und qualitativ zu verbessern.<br \/>(2) Zudem beh\u00e4lt sich die KATAG AG das Recht vor, die Smartphone-App vor\u00fcbergehend oder endg\u00fcltig einzustellen, auch ohne die Konsumenten und Kunden individuell zu informieren.<\/p>\n<h3><strong>3. VERF\u00dcGBARKEIT<\/strong><\/h3>\n<p>Der Nutzer hat keinen Anspruch auf eine permanente und ununterbrochene Verf\u00fcgbarkeit der Smartphone-App. Die KATAG AG ist jedoch bem\u00fcht, eine h\u00f6chstm\u00f6gliche Verf\u00fcgbarkeit zu gew\u00e4hrleisten und eventuelle St\u00f6rungen stets schnellstm\u00f6glich zu beheben.<\/p>\n<h3><strong>4. HAFTUNG<\/strong><\/h3>\n<p>(1) Die KATAG AG \u00fcbernimmt keine Haftung f\u00fcr die Angebote, Rabatte, Geschenke und sonstige Vorteile die \u00fcber die KATAG App kommuniziert werden.<br \/>(2) Die KATAG AG \u00fcbernimmt keine Haftung f\u00fcr die Richtigkeit der Nachrichten und Informationen, die \u00fcber die KATAG App an Nutzer \u00fcbermittelt werden. F\u00fcr die Richtigkeit der Nachrichten sind ausschlie\u00dflich die Herausgebenden verantwortlich.<br \/>(3) Die Nutzung von der KATAG App ist von Leistungen Dritter (insbesondere Telekommunikationsanbietern) abh\u00e4ngig. F\u00fcr diese Verf\u00fcgbarkeit \u00fcbernimmt die KATAG AG keine Haftung.<\/p>\n<h3><strong>5. URHEBERRECHT<\/strong><\/h3>\n<p>Die in der KATAG App erstellten Inhalte und Werke unterliegen dem deutschen Urheberrecht. Die Vervielf\u00e4ltigung, Bearbeitung, Verbreitung und jede Art der Verwertung au\u00dferhalb der Grenzen des Urheberrechtes bed\u00fcrfen der schriftlichen Zustimmung des jeweiligen Autors bzw. Erstellers. Downloads und Kopien dieser Inhalte sind nur f\u00fcr den privaten, nicht kommerziellen Gebrauch gestattet.<br \/>Soweit die Inhalte auf in der KATAG App nicht vom Betreiber erstellt wurden, werden die Urheberrechte Dritter beachtet. Insbesondere werden Inhalte Dritter als solche gekennzeichnet. Sollten Sie trotzdem auf eine Urheberrechtsverletzung aufmerksam werden, bitten wir um einen entsprechenden Hinweis. Bei Bekanntwerden von Rechtsverletzungen werden wir derartige Inhalte umgehend entfernen.<\/p>\n<h3><strong>6. DATENSCHUTZ<\/strong><\/h3>\n<p>Die KATAG AG bietet Nutzern h\u00f6chstm\u00f6gliche Anonymit\u00e4t. Der Nutzer stimmt mit der Nutzung der KATAG App explizit der Anwendung der unter\u00a0<a aria-label=\"Link https:\/\/katag.net\/app-datenschutz\" href=\"https:\/\/katag.net\/en\/app-datenschutz\/\" rel=\"noreferrer noopener\" target=\"_blank\" class=\"fui-Link ___1rxvrpe f2hkw1w f3rmtva f1ewtqcl fyind8e f1k6fduh f1w7gpdv fk6fouc fjoy568 figsok6 f1hu3pq6 f11qmguv f19f4twv f1tyq0we f1g0x7ka fhxju0i f1qch9an f1cnd47f fqv5qza f1vmzxwi f1o700av f13mvf36 f1cmlufx f9n3di6 f1ids18y f1tx3yz7 f1deo86v f1eh06m1 f1iescvh fhgqx19 f1olyrje f1p93eir f1nev41a f1h8hb77 f1lqvz6u f10aw75t fsle3fq f17ae5zn\" title=\"https:\/\/katag.net\/app-datenschutz\/\">https:\/\/katag.net\/app-datenschutz<\/a>\u00a0sowie <a aria-label=\"Link https:\/\/katag.net\/datenschutz\/\" href=\"https:\/\/katag.net\/en\/datenschutz\/\" rel=\"noreferrer noopener\" target=\"_blank\" class=\"fui-Link ___1rxvrpe f2hkw1w f3rmtva f1ewtqcl fyind8e f1k6fduh f1w7gpdv fk6fouc fjoy568 figsok6 f1hu3pq6 f11qmguv f19f4twv f1tyq0we f1g0x7ka fhxju0i f1qch9an f1cnd47f fqv5qza f1vmzxwi f1o700av f13mvf36 f1cmlufx f9n3di6 f1ids18y f1tx3yz7 f1deo86v f1eh06m1 f1iescvh fhgqx19 f1olyrje f1p93eir f1nev41a f1h8hb77 f1lqvz6u f10aw75t fsle3fq f17ae5zn\" title=\"https:\/\/katag.net\/datenschutz\/\">https:\/\/katag.net\/datenschutz\/<\/a> ver\u00f6ffentlichen Erl\u00e4uterungen zum Datenschutz einschlie\u00dflich der dort beschriebenen Methoden und Verfahren zu.<\/p>\n<h3><strong>7. SCHLUSSBESTIMMUNGEN<\/strong><\/h3>\n<p>(1) Gerichtsstand ist Bielefeld. Es gilt das Recht der Bundesrepublik Deutschland.<br \/>(2) Sofern eine Bestimmung dieser AGB ganz oder teilweise unwirksam ist oder wird, bleiben die \u00fcbrigen Bestimmungen davon unber\u00fchrt.<\/p>\n<p>[\/et_pb_text][\/et_pb_column][\/et_pb_row][\/et_pb_section]<\/p>","protected":false},"excerpt":{"rendered":"<p>KATAG App \u2013 AGBs PR\u00c4AMBEL Durch die Verwendung der KATAG App erkl\u00e4ren Sie sich mit diesen AGB einverstanden. Sollten Sie hierzu Fragen haben, kontaktieren Sie uns bitte per E-Mail an: info@katag.netDie KATAG Smartphone-App-Nutzer werden nachfolgend als Nutzer bezeichnet. Die Smartphone-App (nachfolgend: \u201eKATAG App\u201c) ist an alle Personen gerichtet.Hinweis: Das Herunterladen sowie die Nutzung der Smartphone-App [&hellip;]<\/p>","protected":false},"author":19,"featured_media":0,"parent":0,"menu_order":0,"comment_status":"closed","ping_status":"closed","template":"","meta":{"_et_pb_use_builder":"on","_et_pb_old_content":"","_et_gb_content_width":"","footnotes":""},"class_list":["post-6782","page","type-page","status-publish","hentry"],"yoast_head":"<!-- This site is optimized with the Yoast SEO plugin v27.0 - https:\/\/yoast.com\/product\/yoast-seo-wordpress\/ -->\n<title>KATAG App-AGBS - KATAG AG<\/title>\n<meta name=\"robots\" content=\"index, follow, max-snippet:-1, max-image-preview:large, max-video-preview:-1\" \/>\n<link rel=\"canonical\" href=\"https:\/\/katag.net\/en\/agbs-katag-app\/\" \/>\n<meta property=\"og:locale\" content=\"en_US\" \/>\n<meta property=\"og:type\" content=\"article\" \/>\n<meta property=\"og:title\" content=\"KATAG App-AGBS - KATAG AG\" \/>\n<meta property=\"og:description\" content=\"KATAG App \u2013 AGBs PR\u00c4AMBEL Durch die Verwendung der KATAG App erkl\u00e4ren Sie sich mit diesen AGB einverstanden. Sollten Sie hierzu Fragen haben, kontaktieren Sie uns bitte per E-Mail an: info@katag.netDie KATAG Smartphone-App-Nutzer werden nachfolgend als Nutzer bezeichnet. Die Smartphone-App (nachfolgend: \u201eKATAG App\u201c) ist an alle Personen gerichtet.Hinweis: Das Herunterladen sowie die Nutzung der Smartphone-App [&hellip;]\" \/>\n<meta property=\"og:url\" content=\"https:\/\/katag.net\/en\/agbs-katag-app\/\" \/>\n<meta property=\"og:site_name\" content=\"KATAG AG\" \/>\n<meta property=\"article:modified_time\" content=\"2024-01-15T09:55:21+00:00\" \/>\n<meta name=\"twitter:card\" content=\"summary_large_image\" \/>\n<script type=\"application\/ld+json\" class=\"yoast-schema-graph\">{\"@context\":\"https:\/\/schema.org\",\"@graph\":[{\"@type\":\"WebPage\",\"@id\":\"https:\/\/katag.net\/agbs-katag-app\/\",\"url\":\"https:\/\/katag.net\/agbs-katag-app\/\",\"name\":\"KATAG App-AGBS - KATAG AG\",\"isPartOf\":{\"@id\":\"https:\/\/katag.net\/#website\"},\"datePublished\":\"2024-01-15T09:51:02+00:00\",\"dateModified\":\"2024-01-15T09:55:21+00:00\",\"breadcrumb\":{\"@id\":\"https:\/\/katag.net\/agbs-katag-app\/#breadcrumb\"},\"inLanguage\":\"en-US\",\"potentialAction\":[{\"@type\":\"ReadAction\",\"target\":[\"https:\/\/katag.net\/agbs-katag-app\/\"]}]},{\"@type\":\"BreadcrumbList\",\"@id\":\"https:\/\/katag.net\/agbs-katag-app\/#breadcrumb\",\"itemListElement\":[{\"@type\":\"ListItem\",\"position\":1,\"name\":\"Startseite\",\"item\":\"https:\/\/katag.net\/\"},{\"@type\":\"ListItem\",\"position\":2,\"name\":\"KATAG App-AGBS\"}]},{\"@type\":\"WebSite\",\"@id\":\"https:\/\/katag.net\/#website\",\"url\":\"https:\/\/katag.net\/\",\"name\":\"KATAG AG\",\"description\":\"\",\"potentialAction\":[{\"@type\":\"SearchAction\",\"target\":{\"@type\":\"EntryPoint\",\"urlTemplate\":\"https:\/\/katag.net\/?s={search_term_string}\"},\"query-input\":{\"@type\":\"PropertyValueSpecification\",\"valueRequired\":true,\"valueName\":\"search_term_string\"}}],\"inLanguage\":\"en-US\"}]}<\/script>\n<!-- \/ Yoast SEO plugin. -->","yoast_head_json":{"title":"KATAG App-AGBS - KATAG AG","robots":{"index":"index","follow":"follow","max-snippet":"max-snippet:-1","max-image-preview":"max-image-preview:large","max-video-preview":"max-video-preview:-1"},"canonical":"https:\/\/katag.net\/en\/agbs-katag-app\/","og_locale":"en_US","og_type":"article","og_title":"KATAG App-AGBS - KATAG AG","og_description":"KATAG App \u2013 AGBs PR\u00c4AMBEL Durch die Verwendung der KATAG App erkl\u00e4ren Sie sich mit diesen AGB einverstanden. Sollten Sie hierzu Fragen haben, kontaktieren Sie uns bitte per E-Mail an: info@katag.netDie KATAG Smartphone-App-Nutzer werden nachfolgend als Nutzer bezeichnet. Die Smartphone-App (nachfolgend: \u201eKATAG App\u201c) ist an alle Personen gerichtet.Hinweis: Das Herunterladen sowie die Nutzung der Smartphone-App [&hellip;]","og_url":"https:\/\/katag.net\/en\/agbs-katag-app\/","og_site_name":"KATAG AG","article_modified_time":"2024-01-15T09:55:21+00:00","twitter_card":"summary_large_image","schema":{"@context":"https:\/\/schema.org","@graph":[{"@type":"WebPage","@id":"https:\/\/katag.net\/agbs-katag-app\/","url":"https:\/\/katag.net\/agbs-katag-app\/","name":"KATAG App-AGBS - KATAG AG","isPartOf":{"@id":"https:\/\/katag.net\/#website"},"datePublished":"2024-01-15T09:51:02+00:00","dateModified":"2024-01-15T09:55:21+00:00","breadcrumb":{"@id":"https:\/\/katag.net\/agbs-katag-app\/#breadcrumb"},"inLanguage":"en-US","potentialAction":[{"@type":"ReadAction","target":["https:\/\/katag.net\/agbs-katag-app\/"]}]},{"@type":"BreadcrumbList","@id":"https:\/\/katag.net\/agbs-katag-app\/#breadcrumb","itemListElement":[{"@type":"ListItem","position":1,"name":"Startseite","item":"https:\/\/katag.net\/"},{"@type":"ListItem","position":2,"name":"KATAG App-AGBS"}]},{"@type":"WebSite","@id":"https:\/\/katag.net\/#website","url":"https:\/\/katag.net\/","name":"KATAG AG","description":"","potentialAction":[{"@type":"SearchAction","target":{"@type":"EntryPoint","urlTemplate":"https:\/\/katag.net\/?s={search_term_string}"},"query-input":{"@type":"PropertyValueSpecification","valueRequired":true,"valueName":"search_term_string"}}],"inLanguage":"en-US"}]}},"_links":{"self":[{"href":"https:\/\/katag.net\/en\/wp-json\/wp\/v2\/pages\/6782","targetHints":{"allow":["GET"]}}],"collection":[{"href":"https:\/\/katag.net\/en\/wp-json\/wp\/v2\/pages"}],"about":[{"href":"https:\/\/katag.net\/en\/wp-json\/wp\/v2\/types\/page"}],"author":[{"embeddable":true,"href":"https:\/\/katag.net\/en\/wp-json\/wp\/v2\/users\/19"}],"replies":[{"embeddable":true,"href":"https:\/\/katag.net\/en\/wp-json\/wp\/v2\/comments?post=6782"}],"version-history":[{"count":2,"href":"https:\/\/katag.net\/en\/wp-json\/wp\/v2\/pages\/6782\/revisions"}],"predecessor-version":[{"id":6784,"href":"https:\/\/katag.net\/en\/wp-json\/wp\/v2\/pages\/6782\/revisions\/6784"}],"wp:attachment":[{"href":"https:\/\/katag.net\/en\/wp-json\/wp\/v2\/media?parent=6782"}],"curies":[{"name":"wp","href":"https:\/\/api.w.org\/{rel}","templated":true}]}}