{"id":5687,"date":"2023-12-13T15:53:48","date_gmt":"2023-12-13T14:53:48","guid":{"rendered":"https:\/\/dev.katag.net\/?page_id=5198"},"modified":"2023-12-13T15:53:48","modified_gmt":"2023-12-13T14:53:48","slug":"fashion-outlet","status":"publish","type":"page","link":"https:\/\/katag.net\/en\/fashion-outlet\/","title":{"rendered":"Fashion-Outlet"},"content":{"rendered":"<p>[et_pb_section fb_built=&#8220;1&#8243; admin_label=&#8220;Header&#8220; _builder_version=&#8220;4.22.2&#8243; _module_preset=&#8220;default&#8220; background_enable_image=&#8220;off&#8220; background_blend=&#8220;multiply&#8220; background_video_mp4=&#8220;https:\/\/dev.katag.net\/wp-content\/uploads\/sites\/7\/2023\/11\/KATAG_Kontakt.mp4&#8243; background_video_pause_outside_viewport=&#8220;off&#8220; height=&#8220;897px&#8220; height_tablet=&#8220;911px&#8220; height_phone=&#8220;766px&#8220; height_last_edited=&#8220;on|tablet&#8220; custom_margin=&#8220;-16%||||false|false&#8220; custom_margin_tablet=&#8220;-20%||||false|false&#8220; custom_margin_phone=&#8220;-20%||-10%||false|false&#8220; custom_margin_last_edited=&#8220;on|phone&#8220; hover_enabled=&#8220;0&#8243; da_disable_devices=&#8220;off|off|off&#8220; global_colors_info=&#8220;{}&#8220; animation_style=&#8220;fade&#8220; animation_duration=&#8220;500ms&#8220; animation_starting_opacity=&#8220;30%&#8220; animation_speed_curve=&#8220;ease-in&#8220; title_text=&#8220;KATAG_Kontakt&#8220; sticky_enabled=&#8220;0&#8243; da_is_popup=&#8220;off&#8220; da_exit_intent=&#8220;off&#8220; da_has_close=&#8220;on&#8220; da_alt_close=&#8220;off&#8220; da_dark_close=&#8220;off&#8220; da_not_modal=&#8220;on&#8220; da_is_singular=&#8220;off&#8220; da_with_loader=&#8220;off&#8220; da_has_shadow=&#8220;on&#8220;][et_pb_row _builder_version=&#8220;4.19.4&#8243; _module_preset=&#8220;default&#8220; custom_margin=&#8220;256px||||false|false&#8220; custom_margin_tablet=&#8220;186px||||false|false&#8220; custom_margin_phone=&#8220;162px||||false|false&#8220; custom_margin_last_edited=&#8220;on|tablet&#8220; global_colors_info=&#8220;{}&#8220;][et_pb_column type=&#8220;4_4&#8243; admin_label=&#8220;Spalte&#8220; _builder_version=&#8220;4.19.4&#8243; _module_preset=&#8220;default&#8220; global_colors_info=&#8220;{}&#8220;][et_pb_text _builder_version=&#8220;4.22.2&#8243; _module_preset=&#8220;default&#8220; text_font=&#8220;|||on|||||&#8220; text_text_color=&#8220;#ffffff&#8220; text_font_size=&#8220;16px&#8220; header_text_align=&#8220;center&#8220; header_text_color=&#8220;#FFFFFF&#8220; header_letter_spacing=&#8220;3px&#8220; custom_padding=&#8220;4%||23%||false|false&#8220; custom_padding_tablet=&#8220;7%|10%||10%|false|false&#8220; custom_padding_phone=&#8220;7%|5%||5%|false|false&#8220; custom_padding_last_edited=&#8220;on|phone&#8220; header_text_align_tablet=&#8220;center&#8220; header_text_align_phone=&#8220;center&#8220; header_text_align_last_edited=&#8220;on|desktop&#8220; header_font_size_tablet=&#8220;37px&#8220; header_font_size_phone=&#8220;33px&#8220; header_font_size_last_edited=&#8220;on|phone&#8220; header_letter_spacing_tablet=&#8220;3px&#8220; header_letter_spacing_phone=&#8220;1px&#8220; header_letter_spacing_last_edited=&#8220;on|desktop&#8220; global_colors_info=&#8220;{}&#8220;]<\/p>\n<h1>FASHION OUTLET<\/h1>\n<p style=\"font-weight: 400;text-align: center\">Alle Marken bis zu 50% reduziert. Bei Aktionen sogar bis zu 75%.<\/p>\n<p>[\/et_pb_text][\/et_pb_column][\/et_pb_row][\/et_pb_section][et_pb_section fb_built=&#8220;1&#8243; admin_label=&#8220;Adresse&#8220; module_id=&#8220;entdecken&#8220; _builder_version=&#8220;4.22.2&#8243; _module_preset=&#8220;default&#8220; background_color=&#8220;#e8e8e8&#8243; custom_margin=&#8220;||||false|false&#8220; da_disable_devices=&#8220;off|off|off&#8220; global_colors_info=&#8220;{}&#8220; da_is_popup=&#8220;off&#8220; da_exit_intent=&#8220;off&#8220; da_has_close=&#8220;on&#8220; da_alt_close=&#8220;off&#8220; da_dark_close=&#8220;off&#8220; da_not_modal=&#8220;on&#8220; da_is_singular=&#8220;off&#8220; da_with_loader=&#8220;off&#8220; da_has_shadow=&#8220;on&#8220;][et_pb_row _builder_version=&#8220;4.19.4&#8243; _module_preset=&#8220;default&#8220; custom_margin=&#8220;-80px||||false|false&#8220; global_colors_info=&#8220;{}&#8220;][et_pb_column type=&#8220;4_4&#8243; _builder_version=&#8220;4.19.4&#8243; _module_preset=&#8220;default&#8220; global_colors_info=&#8220;{}&#8220;][et_pb_icon font_icon=&#8220;&#x33;||divi||400&#8243; icon_color=&#8220;#FFFFFF&#8220; icon_width=&#8220;55px&#8220; url=&#8220;https:\/\/dev.katag.net\/fashion-outlet\/#entdecken&#8220; _builder_version=&#8220;4.22.2&#8243; _module_preset=&#8220;default&#8220; transform_scale_tablet=&#8220;&#8220; transform_scale_phone=&#8220;&#8220; transform_scale_last_edited=&#8220;on|desktop&#8220; transform_translate=&#8220;0px|-292px&#8220; transform_translate_tablet=&#8220;0px|-292px&#8220; transform_translate_phone=&#8220;0px|-204px&#8220; transform_translate_last_edited=&#8220;on|desktop&#8220; transform_translate_linked=&#8220;off&#8220; transform_rotate_tablet=&#8220;&#8220; transform_rotate_phone=&#8220;&#8220; transform_rotate_last_edited=&#8220;on|desktop&#8220; transform_skew_tablet=&#8220;&#8220; transform_skew_phone=&#8220;&#8220; transform_skew_last_edited=&#8220;on|desktop&#8220; transform_origin_tablet=&#8220;&#8220; transform_origin_phone=&#8220;&#8220; transform_origin_last_edited=&#8220;on|desktop&#8220; transform_styles_last_edited=&#8220;on|desktop&#8220; custom_margin=&#8220;0px||-26px||false|false&#8220; custom_padding=&#8220;0px||0px||false|false&#8220; transform_styles_tablet=&#8220;&#8220; transform_styles_phone=&#8220;&#8220; locked=&#8220;off&#8220; global_colors_info=&#8220;{}&#8220; icon_color__hover_enabled=&#8220;on|desktop&#8220; icon_color__hover=&#8220;#b31a19&#8243;][\/et_pb_icon][et_pb_text _builder_version=&#8220;4.22.2&#8243; _module_preset=&#8220;default&#8220; custom_margin=&#8220;36px||51px||false|false&#8220; custom_margin_tablet=&#8220;|0px|||false|false&#8220; custom_margin_last_edited=&#8220;off|desktop&#8220; global_colors_info=&#8220;{}&#8220;]<\/p>\n<h2 style=\"text-align: left\">WHERE TO FIND US<\/h2>\n<p style=\"font-weight: 400\">Sie finden uns auf dem Gel\u00e4nde der KATAG AG. Es gibt zwei M\u00f6glichkeiten unser KATAG Fashion Outlet zu erreichen. <br \/>Diese haben wir Ihnen hier skizziert. Parkm\u00f6glichkeiten finden Sie vor unserem Fashion Outlet.<\/p>\n<p>[\/et_pb_text][\/et_pb_column][\/et_pb_row][et_pb_row column_structure=&#8220;3_4,1_4&#8243; _builder_version=&#8220;4.22.2&#8243; _module_preset=&#8220;default&#8220; background_color=&#8220;RGBA(255,255,255,0)&#8220; custom_padding=&#8220;0px||0px||false|false&#8220; locked=&#8220;off&#8220; global_colors_info=&#8220;{}&#8220;][et_pb_column type=&#8220;3_4&#8243; _builder_version=&#8220;4.19.4&#8243; _module_preset=&#8220;default&#8220; global_colors_info=&#8220;{}&#8220;][et_pb_image src=&#8220;https:\/\/dev.katag.net\/wp-content\/uploads\/sites\/7\/2023\/11\/Anreise_KATAG_Outlet_Bielefeld.png&#8220; title_text=&#8220;Anreise_KATAG_Outlet_Bielefeld&#8220; _builder_version=&#8220;4.22.2&#8243; _module_preset=&#8220;default&#8220; custom_margin_tablet=&#8220;-7%||||false|false&#8220; custom_margin_phone=&#8220;-17%||||false|false&#8220; custom_margin_last_edited=&#8220;on|phone&#8220; global_colors_info=&#8220;{}&#8220;][\/et_pb_image][\/et_pb_column][et_pb_column type=&#8220;1_4&#8243; _builder_version=&#8220;4.19.4&#8243; _module_preset=&#8220;default&#8220; global_colors_info=&#8220;{}&#8220;][et_pb_text _builder_version=&#8220;4.22.2&#8243; _module_preset=&#8220;default&#8220; header_4_font=&#8220;Interstate_bold||||||||&#8220; header_4_font_size=&#8220;20px&#8220; custom_margin_tablet=&#8220;||||false|false&#8220; custom_margin_phone=&#8220;||||false|false&#8220; custom_margin_last_edited=&#8220;on|phone&#8220; global_colors_info=&#8220;{}&#8220;]<\/p>\n<h4>KATAG Fashion Outlet<\/h4>\n<p>Stralsunder Stra\u00dfe 5<br \/>33605 Bielefeld<\/p>\n<p>Dienstag bis Freitag<br \/>10:00 Uhr bis 14:00 Uhr<\/p>\n<p>[\/et_pb_text][\/et_pb_column][\/et_pb_row][\/et_pb_section][et_pb_section fb_built=&#8220;1&#8243; admin_label=&#8220;Kontakt&#8220; _builder_version=&#8220;4.22.2&#8243; _module_preset=&#8220;default&#8220; background_color=&#8220;#e8e8e8&#8243; da_disable_devices=&#8220;off|off|off&#8220; global_colors_info=&#8220;{}&#8220; da_is_popup=&#8220;off&#8220; da_exit_intent=&#8220;off&#8220; da_has_close=&#8220;on&#8220; da_alt_close=&#8220;off&#8220; da_dark_close=&#8220;off&#8220; da_not_modal=&#8220;on&#8220; da_is_singular=&#8220;off&#8220; da_with_loader=&#8220;off&#8220; da_has_shadow=&#8220;on&#8220;][et_pb_row column_structure=&#8220;1_2,1_2&#8243; use_custom_gutter=&#8220;on&#8220; gutter_width=&#8220;1&#8243; admin_label=&#8220;Zeile&#8220; _builder_version=&#8220;4.22.2&#8243; _module_preset=&#8220;default&#8220; width=&#8220;100%&#8220; max_width=&#8220;100%&#8220; custom_margin_tablet=&#8220;-5%||||false|false&#8220; custom_margin_phone=&#8220;-11%||||false|false&#8220; custom_margin_last_edited=&#8220;on|phone&#8220; global_colors_info=&#8220;{}&#8220;][et_pb_column type=&#8220;1_2&#8243; admin_label=&#8220;Spalte&#8220; _builder_version=&#8220;4.22.2&#8243; _module_preset=&#8220;default&#8220; custom_padding=&#8220;||||false|false&#8220; global_colors_info=&#8220;{}&#8220;][et_pb_text admin_label=&#8220;Text&#8220; _builder_version=&#8220;4.22.2&#8243; _module_preset=&#8220;default&#8220; text_text_color=&#8220;#000000&#8243; header_text_align=&#8220;center&#8220; header_text_color=&#8220;#000000&#8243; header_4_font=&#8220;Interstate_bold||||||||&#8220; header_4_font_size=&#8220;20px&#8220; background_color=&#8220;#e8e8e8&#8243; text_orientation=&#8220;center&#8220; custom_margin=&#8220;|14%|22px|14%|false|false&#8220; locked=&#8220;off&#8220; global_colors_info=&#8220;{}&#8220;]<\/p>\n<h4>NEWSLETTERANMELDUNG<\/h4>\n<p style=\"text-align: center\">Kontaktformular ausf\u00fcllen und keine Aktion mehr verpassen.<\/p>\n<p>[\/et_pb_text][et_pb_contact_form email=&#8220;fashionoutlet@katag.net&#8220; custom_message=&#8220;Bitte melden Sie mich f\u00fcr den Newsletter an!||et_pb_line_break_holder||Geschlecht: %%Geschlecht%%||et_pb_line_break_holder||Name: %%Vorname%% %%Nachname%%||et_pb_line_break_holder||E-Mail: %%Email%%||et_pb_line_break_holder||Adresse: %%Stra\u00dfe_Hausnummer%%, %%PLZ_Ort%%, %%Land%%||et_pb_line_break_holder||Telefon: %%Telefon%%&#8220; success_message=&#8220;Sie haben sich erfolgreich f\u00fcr den Newsletter f\u00fcr das KATAG-Fashion Outlet angemeldet.&#8220; submit_button_text=&#8220;Senden&#8220; _builder_version=&#8220;4.22.2&#8243; _module_preset=&#8220;default&#8220; _unique_id=&#8220;297cb5d2-7b99-438f-ac25-abfcbfbfe8ad&#8220; form_field_background_color=&#8220;#FFFFFF&#8220; form_field_text_color=&#8220;#7a7a7a&#8220; form_field_focus_background_color=&#8220;#FFFFFF&#8220; form_field_focus_text_color=&#8220;#000000&#8243; background_color=&#8220;RGBA(255,255,255,0)&#8220; custom_button=&#8220;on&#8220; button_text_size=&#8220;17px&#8220; button_text_color=&#8220;#000000&#8243; button_border_width=&#8220;1px&#8220; button_border_radius=&#8220;100px&#8220; button_letter_spacing=&#8220;1px&#8220; button_font=&#8220;Interstate_light|||on|||||&#8220; button_icon_color=&#8220;#FFFFFF&#8220; button_custom_padding=&#8220;1%||1%||false|false&#8220; custom_margin=&#8220;9%|100px||100px|false|false&#8220; custom_margin_tablet=&#8220;auto||||false|false&#8220; custom_margin_phone=&#8220;|7%|11%|7%|false|true&#8220; custom_margin_last_edited=&#8220;on|tablet&#8220; global_colors_info=&#8220;{}&#8220; form_field_background_color__hover_enabled=&#8220;on|hover&#8220; form_field_background_color__hover=&#8220;#e0bcbc&#8220; button_bg_color__hover_enabled=&#8220;on|desktop&#8220; button_bg_color__hover=&#8220;#b31a19&#8243; button_bg_enable_color__hover=&#8220;on&#8220; button_text_color__hover_enabled=&#8220;on|hover&#8220; button_text_color__hover=&#8220;#FFFFFF&#8220;][et_pb_contact_field field_id=&#8220;Geschlecht&#8220; field_title=&#8220;Geschlecht&#8220; field_type=&#8220;radio&#8220; radio_options=&#8220;%91{%22value%22:%22Frau%22,%22checked%22:0,%22dragID%22:-1,%22link_url%22:%22%22,%22link_text%22:%22%22},{%22value%22:%22Herr%22,%22checked%22:0,%22dragID%22:0},{%22value%22:%22Divers%22,%22checked%22:0,%22dragID%22:1}%93&#8243; fullwidth_field=&#8220;on&#8220; _builder_version=&#8220;4.19.4&#8243; _module_preset=&#8220;default&#8220; form_field_background_color=&#8220;#FFFFFF&#8220; form_field_text_color=&#8220;#757575&#8243; form_field_focus_background_color=&#8220;#E02B20&#8243; form_field_focus_text_color=&#8220;#E02B20&#8243; background_color=&#8220;RGBA(255,255,255,0)&#8220; background_enable_color=&#8220;on&#8220; global_colors_info=&#8220;{}&#8220;][\/et_pb_contact_field][et_pb_contact_field field_id=&#8220;Vorname&#8220; field_title=&#8220;Vorname&#8220; _builder_version=&#8220;4.19.4&#8243; global_colors_info=&#8220;{}&#8220; button_text_size__hover_enabled=&#8220;off&#8220; button_one_text_size__hover_enabled=&#8220;off&#8220; button_two_text_size__hover_enabled=&#8220;off&#8220; button_text_color__hover_enabled=&#8220;off&#8220; button_one_text_color__hover_enabled=&#8220;off&#8220; button_two_text_color__hover_enabled=&#8220;off&#8220; button_border_width__hover_enabled=&#8220;off&#8220; button_one_border_width__hover_enabled=&#8220;off&#8220; button_two_border_width__hover_enabled=&#8220;off&#8220; button_border_color__hover_enabled=&#8220;off&#8220; button_one_border_color__hover_enabled=&#8220;off&#8220; button_two_border_color__hover_enabled=&#8220;off&#8220; button_border_radius__hover_enabled=&#8220;off&#8220; button_one_border_radius__hover_enabled=&#8220;off&#8220; button_two_border_radius__hover_enabled=&#8220;off&#8220; button_letter_spacing__hover_enabled=&#8220;off&#8220; button_one_letter_spacing__hover_enabled=&#8220;off&#8220; button_two_letter_spacing__hover_enabled=&#8220;off&#8220; button_bg_color__hover_enabled=&#8220;off&#8220; button_one_bg_color__hover_enabled=&#8220;off&#8220; button_two_bg_color__hover_enabled=&#8220;off&#8220;][\/et_pb_contact_field][et_pb_contact_field field_id=&#8220;Nachname&#8220; field_title=&#8220;Nachname&#8220; _builder_version=&#8220;4.19.4&#8243; global_colors_info=&#8220;{}&#8220; button_text_size__hover_enabled=&#8220;off&#8220; button_one_text_size__hover_enabled=&#8220;off&#8220; button_two_text_size__hover_enabled=&#8220;off&#8220; button_text_color__hover_enabled=&#8220;off&#8220; button_one_text_color__hover_enabled=&#8220;off&#8220; button_two_text_color__hover_enabled=&#8220;off&#8220; button_border_width__hover_enabled=&#8220;off&#8220; button_one_border_width__hover_enabled=&#8220;off&#8220; button_two_border_width__hover_enabled=&#8220;off&#8220; button_border_color__hover_enabled=&#8220;off&#8220; button_one_border_color__hover_enabled=&#8220;off&#8220; button_two_border_color__hover_enabled=&#8220;off&#8220; button_border_radius__hover_enabled=&#8220;off&#8220; button_one_border_radius__hover_enabled=&#8220;off&#8220; button_two_border_radius__hover_enabled=&#8220;off&#8220; button_letter_spacing__hover_enabled=&#8220;off&#8220; button_one_letter_spacing__hover_enabled=&#8220;off&#8220; button_two_letter_spacing__hover_enabled=&#8220;off&#8220; button_bg_color__hover_enabled=&#8220;off&#8220; button_one_bg_color__hover_enabled=&#8220;off&#8220; button_two_bg_color__hover_enabled=&#8220;off&#8220;][\/et_pb_contact_field][et_pb_contact_field field_id=&#8220;Email&#8220; field_title=&#8220;E-Mail Adresse&#8220; field_type=&#8220;email&#8220; fullwidth_field=&#8220;on&#8220; _builder_version=&#8220;4.22.2&#8243; global_colors_info=&#8220;{}&#8220; button_text_size__hover_enabled=&#8220;off&#8220; button_one_text_size__hover_enabled=&#8220;off&#8220; button_two_text_size__hover_enabled=&#8220;off&#8220; button_text_color__hover_enabled=&#8220;off&#8220; button_one_text_color__hover_enabled=&#8220;off&#8220; button_two_text_color__hover_enabled=&#8220;off&#8220; button_border_width__hover_enabled=&#8220;off&#8220; button_one_border_width__hover_enabled=&#8220;off&#8220; button_two_border_width__hover_enabled=&#8220;off&#8220; button_border_color__hover_enabled=&#8220;off&#8220; button_one_border_color__hover_enabled=&#8220;off&#8220; button_two_border_color__hover_enabled=&#8220;off&#8220; button_border_radius__hover_enabled=&#8220;off&#8220; button_one_border_radius__hover_enabled=&#8220;off&#8220; button_two_border_radius__hover_enabled=&#8220;off&#8220; button_letter_spacing__hover_enabled=&#8220;off&#8220; button_one_letter_spacing__hover_enabled=&#8220;off&#8220; button_two_letter_spacing__hover_enabled=&#8220;off&#8220; button_bg_color__hover_enabled=&#8220;off&#8220; button_one_bg_color__hover_enabled=&#8220;off&#8220; button_two_bg_color__hover_enabled=&#8220;off&#8220;][\/et_pb_contact_field][et_pb_contact_field field_id=&#8220;Stra\u00dfe_Hausnummer&#8220; field_title=&#8220;Stra\u00dfe \/ Hausnummer&#8220; required_mark=&#8220;off&#8220; fullwidth_field=&#8220;on&#8220; _builder_version=&#8220;4.22.2&#8243; _module_preset=&#8220;default&#8220; global_colors_info=&#8220;{}&#8220;][\/et_pb_contact_field][et_pb_contact_field field_id=&#8220;PLZ_Ort&#8220; field_title=&#8220;PLZ \/ Ort&#8220; required_mark=&#8220;off&#8220; fullwidth_field=&#8220;on&#8220; _builder_version=&#8220;4.22.2&#8243; _module_preset=&#8220;default&#8220; global_colors_info=&#8220;{}&#8220;][\/et_pb_contact_field][et_pb_contact_field field_id=&#8220;Land&#8220; field_title=&#8220;Land&#8220; field_type=&#8220;select&#8220; select_options=&#8220;%91{%22value%22:%22Deutschland%22,%22checked%22:0,%22dragID%22:-1},{%22value%22:%22\u00d6sterreich%22,%22checked%22:0,%22dragID%22:0},{%22value%22:%22Schweiz%22,%22checked%22:0,%22dragID%22:1},{%22value%22:%22Andere%22,%22checked%22:0,%22dragID%22:2}%93&#8243; required_mark=&#8220;off&#8220; fullwidth_field=&#8220;on&#8220; _builder_version=&#8220;4.22.2&#8243; _module_preset=&#8220;default&#8220; global_colors_info=&#8220;{}&#8220;][\/et_pb_contact_field][et_pb_contact_field field_id=&#8220;Telefon&#8220; field_title=&#8220;Telefonnummer&#8220; required_mark=&#8220;off&#8220; fullwidth_field=&#8220;on&#8220; _builder_version=&#8220;4.22.2&#8243; _module_preset=&#8220;default&#8220; global_colors_info=&#8220;{}&#8220;][\/et_pb_contact_field][\/et_pb_contact_form][\/et_pb_column][et_pb_column type=&#8220;1_2&#8243; admin_label=&#8220;Spalte&#8220; _builder_version=&#8220;4.22.2&#8243; _module_preset=&#8220;default&#8220; background_color=&#8220;RGBA(255,255,255,0)&#8220; custom_padding=&#8220;|10%|||false|false&#8220; custom_padding_tablet=&#8220;|5%||5%|false|false&#8220; custom_padding_phone=&#8220;|2%||2%|false|false&#8220; custom_padding_last_edited=&#8220;on|tablet&#8220; global_colors_info=&#8220;{}&#8220;][et_pb_text admin_label=&#8220;Text&#8220; _builder_version=&#8220;4.22.2&#8243; _module_preset=&#8220;default&#8220; text_text_color=&#8220;#000000&#8243; header_text_align=&#8220;center&#8220; header_text_color=&#8220;#000000&#8243; header_4_font=&#8220;Interstate_bold||||||||&#8220; header_4_font_size=&#8220;20px&#8220; background_color=&#8220;#e8e8e8&#8243; text_orientation=&#8220;center&#8220; custom_margin=&#8220;||||false|false&#8220; custom_margin_tablet=&#8220;||-10%||false|false&#8220; custom_margin_phone=&#8220;||-10%||false|false&#8220; custom_margin_last_edited=&#8220;on|tablet&#8220; custom_padding_tablet=&#8220;10%||0%||false|false&#8220; custom_padding_phone=&#8220;10%||0%||false|false&#8220; custom_padding_last_edited=&#8220;on|tablet&#8220; locked=&#8220;off&#8220; global_colors_info=&#8220;{}&#8220;]<\/p>\n<h4>QR-CODE<\/h4>\n<p style=\"text-align: center\">Oder einfach den QR-Code scannen und E-Mail absenden.<\/p>\n<p>[\/et_pb_text][et_pb_image src=&#8220;https:\/\/dev.katag.net\/wp-content\/uploads\/sites\/7\/2023\/11\/QR-Code_KATAG_Outlet_Newsletter.png&#8220; title_text=&#8220;QR-Code_KATAG_Outlet_Newsletter&#8220; _builder_version=&#8220;4.22.2&#8243; _module_preset=&#8220;default&#8220; width=&#8220;77%&#8220; module_alignment=&#8220;center&#8220; custom_margin=&#8220;6%||||false|false&#8220; custom_margin_tablet=&#8220;6%||||false|false&#8220; custom_margin_phone=&#8220;6%||||false|false&#8220; custom_margin_last_edited=&#8220;on|desktop&#8220; global_colors_info=&#8220;{}&#8220;][\/et_pb_image][\/et_pb_column][\/et_pb_row][\/et_pb_section]<\/p>","protected":false},"excerpt":{"rendered":"<p>FASHION OUTLET Alle Marken bis zu 50% reduziert. Bei Aktionen sogar bis zu 75%.WHERE TO FIND US Sie finden uns auf dem Gel\u00e4nde der KATAG AG. Es gibt zwei M\u00f6glichkeiten unser KATAG Fashion Outlet zu erreichen. Diese haben wir Ihnen hier skizziert. Parkm\u00f6glichkeiten finden Sie vor unserem Fashion Outlet.KATAG Fashion Outlet Stralsunder Stra\u00dfe 533605 Bielefeld [&hellip;]<\/p>","protected":false},"author":24,"featured_media":0,"parent":0,"menu_order":0,"comment_status":"closed","ping_status":"closed","template":"","meta":{"_et_pb_use_builder":"on","_et_pb_old_content":"","_et_gb_content_width":"","footnotes":""},"class_list":["post-5687","page","type-page","status-publish","hentry"],"yoast_head":"<!-- This site is optimized with the Yoast SEO plugin v27.0 - https:\/\/yoast.com\/product\/yoast-seo-wordpress\/ -->\n<title>Fashion-Outlet - KATAG AG<\/title>\n<meta name=\"robots\" content=\"index, follow, max-snippet:-1, max-image-preview:large, max-video-preview:-1\" \/>\n<link rel=\"canonical\" href=\"https:\/\/katag.net\/en\/fashion-outlet\/\" \/>\n<meta property=\"og:locale\" content=\"en_US\" \/>\n<meta property=\"og:type\" content=\"article\" \/>\n<meta property=\"og:title\" content=\"Fashion-Outlet - KATAG AG\" \/>\n<meta property=\"og:description\" content=\"FASHION OUTLET Alle Marken bis zu 50% reduziert. Bei Aktionen sogar bis zu 75%.WHERE TO FIND US Sie finden uns auf dem Gel\u00e4nde der KATAG AG. Es gibt zwei M\u00f6glichkeiten unser KATAG Fashion Outlet zu erreichen. Diese haben wir Ihnen hier skizziert. Parkm\u00f6glichkeiten finden Sie vor unserem Fashion Outlet.KATAG Fashion Outlet Stralsunder Stra\u00dfe 533605 Bielefeld [&hellip;]\" \/>\n<meta property=\"og:url\" content=\"https:\/\/katag.net\/en\/fashion-outlet\/\" \/>\n<meta property=\"og:site_name\" content=\"KATAG AG\" \/>\n<meta name=\"twitter:card\" content=\"summary_large_image\" \/>\n<script type=\"application\/ld+json\" class=\"yoast-schema-graph\">{\"@context\":\"https:\/\/schema.org\",\"@graph\":[{\"@type\":\"WebPage\",\"@id\":\"https:\/\/katag.net\/fashion-outlet\/\",\"url\":\"https:\/\/katag.net\/fashion-outlet\/\",\"name\":\"Fashion-Outlet - KATAG AG\",\"isPartOf\":{\"@id\":\"https:\/\/katag.net\/#website\"},\"datePublished\":\"2023-12-13T14:53:48+00:00\",\"breadcrumb\":{\"@id\":\"https:\/\/katag.net\/fashion-outlet\/#breadcrumb\"},\"inLanguage\":\"en-US\",\"potentialAction\":[{\"@type\":\"ReadAction\",\"target\":[\"https:\/\/katag.net\/fashion-outlet\/\"]}]},{\"@type\":\"BreadcrumbList\",\"@id\":\"https:\/\/katag.net\/fashion-outlet\/#breadcrumb\",\"itemListElement\":[{\"@type\":\"ListItem\",\"position\":1,\"name\":\"Startseite\",\"item\":\"https:\/\/katag.net\/\"},{\"@type\":\"ListItem\",\"position\":2,\"name\":\"Fashion-Outlet\"}]},{\"@type\":\"WebSite\",\"@id\":\"https:\/\/katag.net\/#website\",\"url\":\"https:\/\/katag.net\/\",\"name\":\"KATAG AG\",\"description\":\"\",\"potentialAction\":[{\"@type\":\"SearchAction\",\"target\":{\"@type\":\"EntryPoint\",\"urlTemplate\":\"https:\/\/katag.net\/?s={search_term_string}\"},\"query-input\":{\"@type\":\"PropertyValueSpecification\",\"valueRequired\":true,\"valueName\":\"search_term_string\"}}],\"inLanguage\":\"en-US\"}]}<\/script>\n<!-- \/ Yoast SEO plugin. -->","yoast_head_json":{"title":"Fashion-Outlet - KATAG AG","robots":{"index":"index","follow":"follow","max-snippet":"max-snippet:-1","max-image-preview":"max-image-preview:large","max-video-preview":"max-video-preview:-1"},"canonical":"https:\/\/katag.net\/en\/fashion-outlet\/","og_locale":"en_US","og_type":"article","og_title":"Fashion-Outlet - KATAG AG","og_description":"FASHION OUTLET Alle Marken bis zu 50% reduziert. Bei Aktionen sogar bis zu 75%.WHERE TO FIND US Sie finden uns auf dem Gel\u00e4nde der KATAG AG. Es gibt zwei M\u00f6glichkeiten unser KATAG Fashion Outlet zu erreichen. Diese haben wir Ihnen hier skizziert. Parkm\u00f6glichkeiten finden Sie vor unserem Fashion Outlet.KATAG Fashion Outlet Stralsunder Stra\u00dfe 533605 Bielefeld [&hellip;]","og_url":"https:\/\/katag.net\/en\/fashion-outlet\/","og_site_name":"KATAG AG","twitter_card":"summary_large_image","schema":{"@context":"https:\/\/schema.org","@graph":[{"@type":"WebPage","@id":"https:\/\/katag.net\/fashion-outlet\/","url":"https:\/\/katag.net\/fashion-outlet\/","name":"Fashion-Outlet - KATAG AG","isPartOf":{"@id":"https:\/\/katag.net\/#website"},"datePublished":"2023-12-13T14:53:48+00:00","breadcrumb":{"@id":"https:\/\/katag.net\/fashion-outlet\/#breadcrumb"},"inLanguage":"en-US","potentialAction":[{"@type":"ReadAction","target":["https:\/\/katag.net\/fashion-outlet\/"]}]},{"@type":"BreadcrumbList","@id":"https:\/\/katag.net\/fashion-outlet\/#breadcrumb","itemListElement":[{"@type":"ListItem","position":1,"name":"Startseite","item":"https:\/\/katag.net\/"},{"@type":"ListItem","position":2,"name":"Fashion-Outlet"}]},{"@type":"WebSite","@id":"https:\/\/katag.net\/#website","url":"https:\/\/katag.net\/","name":"KATAG AG","description":"","potentialAction":[{"@type":"SearchAction","target":{"@type":"EntryPoint","urlTemplate":"https:\/\/katag.net\/?s={search_term_string}"},"query-input":{"@type":"PropertyValueSpecification","valueRequired":true,"valueName":"search_term_string"}}],"inLanguage":"en-US"}]}},"_links":{"self":[{"href":"https:\/\/katag.net\/en\/wp-json\/wp\/v2\/pages\/5687","targetHints":{"allow":["GET"]}}],"collection":[{"href":"https:\/\/katag.net\/en\/wp-json\/wp\/v2\/pages"}],"about":[{"href":"https:\/\/katag.net\/en\/wp-json\/wp\/v2\/types\/page"}],"author":[{"embeddable":true,"href":"https:\/\/katag.net\/en\/wp-json\/wp\/v2\/users\/24"}],"replies":[{"embeddable":true,"href":"https:\/\/katag.net\/en\/wp-json\/wp\/v2\/comments?post=5687"}],"version-history":[{"count":1,"href":"https:\/\/katag.net\/en\/wp-json\/wp\/v2\/pages\/5687\/revisions"}],"predecessor-version":[{"id":5873,"href":"https:\/\/katag.net\/en\/wp-json\/wp\/v2\/pages\/5687\/revisions\/5873"}],"wp:attachment":[{"href":"https:\/\/katag.net\/en\/wp-json\/wp\/v2\/media?parent=5687"}],"curies":[{"name":"wp","href":"https:\/\/api.w.org\/{rel}","templated":true}]}}