{"id":184,"date":"2023-12-13T15:58:38","date_gmt":"2023-12-13T14:58:38","guid":{"rendered":"https:\/\/dev.katag.net\/?page_id=184"},"modified":"2023-12-13T15:59:23","modified_gmt":"2023-12-13T14:59:23","slug":"startseite-2","status":"publish","type":"page","link":"https:\/\/katag.net\/en\/startseite-2\/","title":{"rendered":"Startseite"},"content":{"rendered":"[et_pb_section fb_built=&#8220;1&#8243; fullwidth=&#8220;on&#8220; _builder_version=&#8220;4.19.4&#8243; _module_preset=&#8220;default&#8220; custom_margin=&#8220;-311px||||false|false&#8220; global_colors_info=&#8220;{}&#8220;][et_pb_fullwidth_slider use_bg_overlay=&#8220;off&#8220; use_text_overlay=&#8220;off&#8220; _builder_version=&#8220;4.19.4&#8243; _module_preset=&#8220;default&#8220; height=&#8220;897px&#8220; height_tablet=&#8220;947px&#8220; height_phone=&#8220;856px&#8220; height_last_edited=&#8220;on|phone&#8220; global_colors_info=&#8220;{}&#8220;][et_pb_slide heading=&#8220;WILLKOMMEN&#8220; _builder_version=&#8220;4.19.4&#8243; _module_preset=&#8220;default&#8220; background_enable_color=&#8220;off&#8220; use_background_color_gradient=&#8220;on&#8220; background_color_gradient_stops=&#8220;rgba(10,8,1,0.49) 0%|rgba(0,0,0,0.41) 100%&#8220; background_image=&#8220;https:\/\/dev.katag.net\/wp-content\/uploads\/sites\/7\/2023\/03\/KATAG_Stimmungsvideo_2.mp4&#8243; background_enable_image=&#8220;on&#8220; background_blend=&#8220;color&#8220; background_enable_video_mp4=&#8220;off&#8220; background_enable_video_webm=&#8220;off&#8220; text_shadow_style=&#8220;preset3&#8243; text_shadow_color=&#8220;rgba(255,255,255,0)&#8220; global_colors_info=&#8220;{}&#8220; sticky_transition=&#8220;on&#8220;]<p>zur offiziellen Webseite der KATAG AG.<\/p>[\/et_pb_slide][et_pb_slide heading=&#8220;Ihr Titel&#8220; button_text=&#8220;Klicks&#8220; _builder_version=&#8220;4.19.4&#8243; _module_preset=&#8220;default&#8220; global_colors_info=&#8220;{}&#8220; sticky_transition=&#8220;on&#8220;]<p>Your content goes here. Edit or remove this text inline or in the module Content settings. You can also style every aspect of this content in the module Design settings and even apply custom CSS to this text in the module Advanced settings.<\/p>[\/et_pb_slide][\/et_pb_fullwidth_slider][\/et_pb_section][et_pb_section fb_built=&#8220;1&#8243; _builder_version=&#8220;4.19.4&#8243; _module_preset=&#8220;default&#8220; background_image=&#8220;https:\/\/dev.katag.net\/wp-content\/uploads\/sites\/7\/2023\/05\/Zeitstrahl2.png&#8220; global_colors_info=&#8220;{}&#8220;][et_pb_row column_structure=&#8220;1_2,1_2&#8243; use_custom_gutter=&#8220;on&#8220; gutter_width=&#8220;1&#8243; _builder_version=&#8220;4.19.4&#8243; _module_preset=&#8220;default&#8220; width=&#8220;100%&#8220; max_width=&#8220;100%&#8220; min_height=&#8220;100%&#8220; height=&#8220;100%&#8220; global_colors_info=&#8220;{}&#8220;][et_pb_column type=&#8220;1_2&#8243; _builder_version=&#8220;4.19.4&#8243; _module_preset=&#8220;default&#8220; global_colors_info=&#8220;{}&#8220;][et_pb_text _builder_version=&#8220;4.19.4&#8243; _module_preset=&#8220;default&#8220; text_font=&#8220;Interstate||||||||&#8220; text_text_color=&#8220;#FFFFFF&#8220; header_font=&#8220;Interstate|900|||||||&#8220; header_text_color=&#8220;#FFFFFF&#8220; header_font_size=&#8220;100px&#8220; width=&#8220;95%&#8220; scroll_vertical_motion=&#8220;0|50|50|100|2|0|0&#8243; hover_enabled=&#8220;0&#8243; global_colors_info=&#8220;{}&#8220; scroll_fade_enable=&#8220;on&#8220; sticky_enabled=&#8220;0&#8243;]<h1 style=\"text-align: right\">1923<\/h1>\n<p style=\"text-align: right\">KATAG Gr\u00fcndung<\/p>[\/et_pb_text][\/et_pb_column][et_pb_column type=&#8220;1_2&#8243; _builder_version=&#8220;4.19.4&#8243; _module_preset=&#8220;default&#8220; global_colors_info=&#8220;{}&#8220;][et_pb_divider show_divider=&#8220;off&#8220; _builder_version=&#8220;4.19.4&#8243; _module_preset=&#8220;default&#8220; background_color=&#8220;#E02B20&#8243; transform_scale=&#8220;63%|63%&#8220; transform_translate=&#8220;2px|0px&#8220; transform_translate_linked=&#8220;off&#8220; positioning=&#8220;absolute&#8220; horizontal_offset=&#8220;-27px&#8220; width=&#8220;50px&#8220; height=&#8220;50px&#8220; custom_margin=&#8220;-100px||||false|false&#8220; scroll_vertical_motion_enable=&#8220;on&#8220; scroll_vertical_motion=&#8220;0|50|75|100|0|0|0&#8243; scroll_scaling=&#8220;50|55|70|75|50%|50%|90%&#8220; motion_trigger_start=&#8220;top&#8220; border_radii=&#8220;on|50%|50%|50%|50%&#8220; global_colors_info=&#8220;{}&#8220;][\/et_pb_divider][et_pb_image src=&#8220;https:\/\/dev.katag.net\/wp-content\/uploads\/sites\/7\/2023\/05\/Zeitstrahl_Bild1.png&#8220; title_text=&#8220;Zeitstrahl_Bild1&#8243; align=&#8220;right&#8220; _builder_version=&#8220;4.19.4&#8243; _module_preset=&#8220;default&#8220; width=&#8220;91%&#8220; module_alignment=&#8220;center&#8220; custom_margin=&#8220;-52px||||false|false&#8220; scroll_vertical_motion=&#8220;0|50|50|100|2|0|0&#8243; global_colors_info=&#8220;{}&#8220;][\/et_pb_image][et_pb_divider show_divider=&#8220;off&#8220; _builder_version=&#8220;4.19.4&#8243; _module_preset=&#8220;default&#8220; background_color=&#8220;#FFFFFF&#8220; positioning=&#8220;absolute&#8220; horizontal_offset=&#8220;-27px&#8220; width=&#8220;50px&#8220; height=&#8220;50px&#8220; custom_margin=&#8220;0px||||false|false&#8220; scroll_vertical_motion=&#8220;0|0|50|100|-27.5|0|0&#8243; scroll_scaling_enable=&#8220;on&#8220; scroll_scaling=&#8220;20|33|44|51|50%|50%|98%&#8220; motion_trigger_start=&#8220;top&#8220; border_radii=&#8220;on|50%|50%|50%|50%&#8220; global_colors_info=&#8220;{}&#8220;][\/et_pb_divider][\/et_pb_column][\/et_pb_row][et_pb_row column_structure=&#8220;1_2,1_2&#8243; use_custom_gutter=&#8220;on&#8220; gutter_width=&#8220;1&#8243; _builder_version=&#8220;4.19.4&#8243; _module_preset=&#8220;default&#8220; width=&#8220;100%&#8220; max_width=&#8220;100%&#8220; min_height=&#8220;100%&#8220; height=&#8220;100%&#8220; global_colors_info=&#8220;{}&#8220;][et_pb_column type=&#8220;1_2&#8243; _builder_version=&#8220;4.19.4&#8243; _module_preset=&#8220;default&#8220; global_colors_info=&#8220;{}&#8220;][et_pb_image src=&#8220;https:\/\/dev.katag.net\/wp-content\/uploads\/sites\/7\/2023\/05\/Zeitstrahl_Bild2.png&#8220; title_text=&#8220;Zeitstrahl_Bild2&#8243; show_bottom_space=&#8220;off&#8220; _builder_version=&#8220;4.19.4&#8243; _module_preset=&#8220;default&#8220; width=&#8220;90%&#8220; module_alignment=&#8220;center&#8220; custom_margin=&#8220;-38px||||false|false&#8220; global_colors_info=&#8220;{}&#8220;][\/et_pb_image][\/et_pb_column][et_pb_column type=&#8220;1_2&#8243; _builder_version=&#8220;4.19.4&#8243; _module_preset=&#8220;default&#8220; global_colors_info=&#8220;{}&#8220;][et_pb_text _builder_version=&#8220;4.19.4&#8243; _module_preset=&#8220;default&#8220; text_font=&#8220;Interstate||||||||&#8220; text_text_color=&#8220;#FFFFFF&#8220; header_font=&#8220;Interstate|900|||||||&#8220; header_text_color=&#8220;#FFFFFF&#8220; header_font_size=&#8220;100px&#8220; width=&#8220;96%&#8220; module_alignment=&#8220;right&#8220; global_colors_info=&#8220;{}&#8220;]<h1 style=\"text-align: left\">1923<\/h1>\n<p style=\"text-align: left\">KATAG Gr\u00fcndung<\/p>[\/et_pb_text][et_pb_divider show_divider=&#8220;off&#8220; _builder_version=&#8220;4.19.4&#8243; _module_preset=&#8220;default&#8220; background_color=&#8220;#FFFFFF&#8220; positioning=&#8220;absolute&#8220; horizontal_offset=&#8220;-27px&#8220; width=&#8220;50px&#8220; height=&#8220;50px&#8220; custom_margin=&#8220;0px||||false|false&#8220; scroll_vertical_motion=&#8220;0|0|50|100|-27.5|0|0&#8243; scroll_scaling_enable=&#8220;on&#8220; scroll_scaling=&#8220;20|33|44|51|50%|50%|98%&#8220; motion_trigger_start=&#8220;top&#8220; border_radii=&#8220;on|50%|50%|50%|50%&#8220; global_colors_info=&#8220;{}&#8220;][\/et_pb_divider][\/et_pb_column][\/et_pb_row][et_pb_row column_structure=&#8220;1_2,1_2&#8243; use_custom_gutter=&#8220;on&#8220; gutter_width=&#8220;1&#8243; _builder_version=&#8220;4.19.4&#8243; _module_preset=&#8220;default&#8220; width=&#8220;100%&#8220; max_width=&#8220;100%&#8220; min_height=&#8220;100%&#8220; height=&#8220;100%&#8220; global_colors_info=&#8220;{}&#8220;][et_pb_column type=&#8220;1_2&#8243; _builder_version=&#8220;4.19.4&#8243; _module_preset=&#8220;default&#8220; global_colors_info=&#8220;{}&#8220;][et_pb_text _builder_version=&#8220;4.19.4&#8243; _module_preset=&#8220;default&#8220; text_font=&#8220;Interstate||||||||&#8220; text_text_color=&#8220;#FFFFFF&#8220; header_font=&#8220;Interstate|900|||||||&#8220; header_text_color=&#8220;#FFFFFF&#8220; header_font_size=&#8220;100px&#8220; width=&#8220;95%&#8220; global_colors_info=&#8220;{}&#8220;]<h1 style=\"text-align: right\">1923<\/h1>\n<p style=\"text-align: right\">KATAG Gr\u00fcndung<\/p>[\/et_pb_text][\/et_pb_column][et_pb_column type=&#8220;1_2&#8243; _builder_version=&#8220;4.19.4&#8243; _module_preset=&#8220;default&#8220; global_colors_info=&#8220;{}&#8220;][et_pb_image src=&#8220;https:\/\/dev.katag.net\/wp-content\/uploads\/sites\/7\/2023\/01\/Unternehmen_ohne-Himmel.png&#8220; title_text=&#8220;Unternehmen_ohne Himmel&#8220; align=&#8220;right&#8220; _builder_version=&#8220;4.19.4&#8243; _module_preset=&#8220;default&#8220; width=&#8220;95%&#8220; module_alignment=&#8220;center&#8220; custom_margin=&#8220;-134px||||false|false&#8220; global_colors_info=&#8220;{}&#8220;][\/et_pb_image][et_pb_divider show_divider=&#8220;off&#8220; _builder_version=&#8220;4.19.4&#8243; _module_preset=&#8220;default&#8220; background_color=&#8220;#FFFFFF&#8220; positioning=&#8220;absolute&#8220; horizontal_offset=&#8220;-27px&#8220; width=&#8220;50px&#8220; height=&#8220;50px&#8220; custom_margin=&#8220;0px||||false|false&#8220; scroll_vertical_motion=&#8220;0|0|50|100|-27.5|0|0&#8243; scroll_scaling_enable=&#8220;on&#8220; scroll_scaling=&#8220;20|33|44|51|50%|50%|98%&#8220; motion_trigger_start=&#8220;top&#8220; border_radii=&#8220;on|50%|50%|50%|50%&#8220; global_colors_info=&#8220;{}&#8220;][\/et_pb_divider][\/et_pb_column][\/et_pb_row][et_pb_row column_structure=&#8220;1_2,1_2&#8243; use_custom_gutter=&#8220;on&#8220; gutter_width=&#8220;1&#8243; _builder_version=&#8220;4.19.4&#8243; _module_preset=&#8220;default&#8220; width=&#8220;100%&#8220; max_width=&#8220;100%&#8220; min_height=&#8220;100%&#8220; height=&#8220;100%&#8220; global_colors_info=&#8220;{}&#8220;][et_pb_column type=&#8220;1_2&#8243; _builder_version=&#8220;4.19.4&#8243; _module_preset=&#8220;default&#8220; global_colors_info=&#8220;{}&#8220;][et_pb_image src=&#8220;https:\/\/dev.katag.net\/wp-content\/uploads\/sites\/7\/2023\/01\/Unternehmen_ohne-Himmel.png&#8220; title_text=&#8220;Unternehmen_ohne Himmel&#8220; show_bottom_space=&#8220;off&#8220; _builder_version=&#8220;4.19.4&#8243; _module_preset=&#8220;default&#8220; width=&#8220;92%&#8220; module_alignment=&#8220;center&#8220; custom_margin=&#8220;-97px||||false|false&#8220; global_colors_info=&#8220;{}&#8220;][\/et_pb_image][\/et_pb_column][et_pb_column type=&#8220;1_2&#8243; _builder_version=&#8220;4.19.4&#8243; _module_preset=&#8220;default&#8220; global_colors_info=&#8220;{}&#8220;][et_pb_text _builder_version=&#8220;4.19.4&#8243; _module_preset=&#8220;default&#8220; text_font=&#8220;Interstate||||||||&#8220; text_text_color=&#8220;#FFFFFF&#8220; header_font=&#8220;Interstate|900|||||||&#8220; header_text_color=&#8220;#FFFFFF&#8220; header_font_size=&#8220;100px&#8220; width=&#8220;96%&#8220; module_alignment=&#8220;right&#8220; global_colors_info=&#8220;{}&#8220;]<h1 style=\"text-align: left\">1923<\/h1>\n<p style=\"text-align: left\">KATAG Gr\u00fcndung<\/p>[\/et_pb_text][et_pb_divider show_divider=&#8220;off&#8220; _builder_version=&#8220;4.19.4&#8243; _module_preset=&#8220;default&#8220; background_color=&#8220;#FFFFFF&#8220; positioning=&#8220;absolute&#8220; horizontal_offset=&#8220;-27px&#8220; width=&#8220;50px&#8220; height=&#8220;50px&#8220; custom_margin=&#8220;0px||||false|false&#8220; scroll_vertical_motion=&#8220;0|0|50|100|-27.5|0|0&#8243; scroll_scaling_enable=&#8220;on&#8220; scroll_scaling=&#8220;20|33|44|51|50%|50%|98%&#8220; motion_trigger_start=&#8220;top&#8220; border_radii=&#8220;on|50%|50%|50%|50%&#8220; global_colors_info=&#8220;{}&#8220;][\/et_pb_divider][\/et_pb_column][\/et_pb_row][et_pb_row column_structure=&#8220;1_2,1_2&#8243; use_custom_gutter=&#8220;on&#8220; gutter_width=&#8220;1&#8243; _builder_version=&#8220;4.19.4&#8243; _module_preset=&#8220;default&#8220; width=&#8220;100%&#8220; max_width=&#8220;100%&#8220; min_height=&#8220;100%&#8220; height=&#8220;100%&#8220; global_colors_info=&#8220;{}&#8220;][et_pb_column type=&#8220;1_2&#8243; _builder_version=&#8220;4.19.4&#8243; _module_preset=&#8220;default&#8220; global_colors_info=&#8220;{}&#8220;][et_pb_text _builder_version=&#8220;4.19.4&#8243; _module_preset=&#8220;default&#8220; text_font=&#8220;Interstate||||||||&#8220; text_text_color=&#8220;#FFFFFF&#8220; header_font=&#8220;Interstate|900|||||||&#8220; header_text_color=&#8220;#FFFFFF&#8220; header_font_size=&#8220;100px&#8220; width=&#8220;95%&#8220; global_colors_info=&#8220;{}&#8220;]<h1 style=\"text-align: right\">1923<\/h1>\n<p style=\"text-align: right\">KATAG Gr\u00fcndung<\/p>[\/et_pb_text][\/et_pb_column][et_pb_column type=&#8220;1_2&#8243; _builder_version=&#8220;4.19.4&#8243; _module_preset=&#8220;default&#8220; global_colors_info=&#8220;{}&#8220;][et_pb_image src=&#8220;https:\/\/dev.katag.net\/wp-content\/uploads\/sites\/7\/2023\/01\/Unternehmen_ohne-Himmel.png&#8220; title_text=&#8220;Unternehmen_ohne Himmel&#8220; align=&#8220;right&#8220; _builder_version=&#8220;4.19.4&#8243; _module_preset=&#8220;default&#8220; width=&#8220;95%&#8220; module_alignment=&#8220;center&#8220; custom_margin=&#8220;-134px||||false|false&#8220; global_colors_info=&#8220;{}&#8220;][\/et_pb_image][et_pb_divider show_divider=&#8220;off&#8220; _builder_version=&#8220;4.19.4&#8243; _module_preset=&#8220;default&#8220; background_color=&#8220;#FFFFFF&#8220; positioning=&#8220;absolute&#8220; horizontal_offset=&#8220;-27px&#8220; width=&#8220;50px&#8220; height=&#8220;50px&#8220; custom_margin=&#8220;0px||||false|false&#8220; scroll_vertical_motion=&#8220;0|0|50|100|-27.5|0|0&#8243; scroll_scaling_enable=&#8220;on&#8220; scroll_scaling=&#8220;20|33|44|51|50%|50%|98%&#8220; motion_trigger_start=&#8220;top&#8220; border_radii=&#8220;on|50%|50%|50%|50%&#8220; global_colors_info=&#8220;{}&#8220;][\/et_pb_divider][\/et_pb_column][\/et_pb_row][\/et_pb_section][et_pb_section fb_built=&#8220;1&#8243; _builder_version=&#8220;4.19.4&#8243; _module_preset=&#8220;default&#8220; background_image=&#8220;https:\/\/dev.katag.net\/wp-content\/uploads\/sites\/7\/2023\/05\/Zeitstrahl.png&#8220; global_colors_info=&#8220;{}&#8220;][\/et_pb_section]","protected":false},"excerpt":{"rendered":"<p>zur offiziellen Webseite der KATAG AG.Your content goes here. Edit or remove this text inline or in the module Content settings. You can also style every aspect of this content in the module Design settings and even apply custom CSS to this text in the module Advanced settings.1923 KATAG Gr\u00fcndung1923 KATAG Gr\u00fcndung1923 KATAG Gr\u00fcndung1923 KATAG [&hellip;]<\/p>","protected":false},"author":19,"featured_media":0,"parent":0,"menu_order":0,"comment_status":"closed","ping_status":"closed","template":"","meta":{"_et_pb_use_builder":"on","_et_pb_old_content":"","_et_gb_content_width":"","footnotes":""},"class_list":["post-184","page","type-page","status-publish","hentry"],"yoast_head":"<!-- This site is optimized with the Yoast SEO plugin v27.0 - https:\/\/yoast.com\/product\/yoast-seo-wordpress\/ -->\n<title>Startseite - KATAG AG<\/title>\n<meta name=\"robots\" content=\"index, follow, max-snippet:-1, max-image-preview:large, max-video-preview:-1\" \/>\n<link rel=\"canonical\" href=\"https:\/\/katag.net\/en\/startseite-2\/\" \/>\n<meta property=\"og:locale\" content=\"en_US\" \/>\n<meta property=\"og:type\" content=\"article\" \/>\n<meta property=\"og:title\" content=\"Startseite - KATAG AG\" \/>\n<meta property=\"og:description\" content=\"zur offiziellen Webseite der KATAG AG.Your content goes here. Edit or remove this text inline or in the module Content settings. You can also style every aspect of this content in the module Design settings and even apply custom CSS to this text in the module Advanced settings.1923 KATAG Gr\u00fcndung1923 KATAG Gr\u00fcndung1923 KATAG Gr\u00fcndung1923 KATAG [&hellip;]\" \/>\n<meta property=\"og:url\" content=\"https:\/\/katag.net\/en\/startseite-2\/\" \/>\n<meta property=\"og:site_name\" content=\"KATAG AG\" \/>\n<meta property=\"article:modified_time\" content=\"2023-12-13T14:59:23+00:00\" \/>\n<meta name=\"twitter:card\" content=\"summary_large_image\" \/>\n<meta name=\"twitter:label1\" content=\"Est. reading time\" \/>\n\t<meta name=\"twitter:data1\" content=\"6 minutes\" \/>\n<script type=\"application\/ld+json\" class=\"yoast-schema-graph\">{\"@context\":\"https:\/\/schema.org\",\"@graph\":[{\"@type\":\"WebPage\",\"@id\":\"https:\/\/katag.net\/startseite-2\/\",\"url\":\"https:\/\/katag.net\/startseite-2\/\",\"name\":\"Startseite - KATAG AG\",\"isPartOf\":{\"@id\":\"https:\/\/katag.net\/#website\"},\"datePublished\":\"2023-12-13T14:58:38+00:00\",\"dateModified\":\"2023-12-13T14:59:23+00:00\",\"breadcrumb\":{\"@id\":\"https:\/\/katag.net\/startseite-2\/#breadcrumb\"},\"inLanguage\":\"en-US\",\"potentialAction\":[{\"@type\":\"ReadAction\",\"target\":[\"https:\/\/katag.net\/startseite-2\/\"]}]},{\"@type\":\"BreadcrumbList\",\"@id\":\"https:\/\/katag.net\/startseite-2\/#breadcrumb\",\"itemListElement\":[{\"@type\":\"ListItem\",\"position\":1,\"name\":\"Startseite\",\"item\":\"https:\/\/katag.net\/\"},{\"@type\":\"ListItem\",\"position\":2,\"name\":\"Startseite\"}]},{\"@type\":\"WebSite\",\"@id\":\"https:\/\/katag.net\/#website\",\"url\":\"https:\/\/katag.net\/\",\"name\":\"KATAG AG\",\"description\":\"\",\"potentialAction\":[{\"@type\":\"SearchAction\",\"target\":{\"@type\":\"EntryPoint\",\"urlTemplate\":\"https:\/\/katag.net\/?s={search_term_string}\"},\"query-input\":{\"@type\":\"PropertyValueSpecification\",\"valueRequired\":true,\"valueName\":\"search_term_string\"}}],\"inLanguage\":\"en-US\"}]}<\/script>\n<!-- \/ Yoast SEO plugin. -->","yoast_head_json":{"title":"Startseite - KATAG AG","robots":{"index":"index","follow":"follow","max-snippet":"max-snippet:-1","max-image-preview":"max-image-preview:large","max-video-preview":"max-video-preview:-1"},"canonical":"https:\/\/katag.net\/en\/startseite-2\/","og_locale":"en_US","og_type":"article","og_title":"Startseite - KATAG AG","og_description":"zur offiziellen Webseite der KATAG AG.Your content goes here. Edit or remove this text inline or in the module Content settings. You can also style every aspect of this content in the module Design settings and even apply custom CSS to this text in the module Advanced settings.1923 KATAG Gr\u00fcndung1923 KATAG Gr\u00fcndung1923 KATAG Gr\u00fcndung1923 KATAG [&hellip;]","og_url":"https:\/\/katag.net\/en\/startseite-2\/","og_site_name":"KATAG AG","article_modified_time":"2023-12-13T14:59:23+00:00","twitter_card":"summary_large_image","twitter_misc":{"Est. reading time":"6 minutes"},"schema":{"@context":"https:\/\/schema.org","@graph":[{"@type":"WebPage","@id":"https:\/\/katag.net\/startseite-2\/","url":"https:\/\/katag.net\/startseite-2\/","name":"Startseite - KATAG AG","isPartOf":{"@id":"https:\/\/katag.net\/#website"},"datePublished":"2023-12-13T14:58:38+00:00","dateModified":"2023-12-13T14:59:23+00:00","breadcrumb":{"@id":"https:\/\/katag.net\/startseite-2\/#breadcrumb"},"inLanguage":"en-US","potentialAction":[{"@type":"ReadAction","target":["https:\/\/katag.net\/startseite-2\/"]}]},{"@type":"BreadcrumbList","@id":"https:\/\/katag.net\/startseite-2\/#breadcrumb","itemListElement":[{"@type":"ListItem","position":1,"name":"Startseite","item":"https:\/\/katag.net\/"},{"@type":"ListItem","position":2,"name":"Startseite"}]},{"@type":"WebSite","@id":"https:\/\/katag.net\/#website","url":"https:\/\/katag.net\/","name":"KATAG AG","description":"","potentialAction":[{"@type":"SearchAction","target":{"@type":"EntryPoint","urlTemplate":"https:\/\/katag.net\/?s={search_term_string}"},"query-input":{"@type":"PropertyValueSpecification","valueRequired":true,"valueName":"search_term_string"}}],"inLanguage":"en-US"}]}},"_links":{"self":[{"href":"https:\/\/katag.net\/en\/wp-json\/wp\/v2\/pages\/184","targetHints":{"allow":["GET"]}}],"collection":[{"href":"https:\/\/katag.net\/en\/wp-json\/wp\/v2\/pages"}],"about":[{"href":"https:\/\/katag.net\/en\/wp-json\/wp\/v2\/types\/page"}],"author":[{"embeddable":true,"href":"https:\/\/katag.net\/en\/wp-json\/wp\/v2\/users\/19"}],"replies":[{"embeddable":true,"href":"https:\/\/katag.net\/en\/wp-json\/wp\/v2\/comments?post=184"}],"version-history":[{"count":1,"href":"https:\/\/katag.net\/en\/wp-json\/wp\/v2\/pages\/184\/revisions"}],"predecessor-version":[{"id":5888,"href":"https:\/\/katag.net\/en\/wp-json\/wp\/v2\/pages\/184\/revisions\/5888"}],"wp:attachment":[{"href":"https:\/\/katag.net\/en\/wp-json\/wp\/v2\/media?parent=184"}],"curies":[{"name":"wp","href":"https:\/\/api.w.org\/{rel}","templated":true}]}}